{"id":24428,"date":"2024-04-10T14:01:24","date_gmt":"2024-04-10T12:01:24","guid":{"rendered":"https:\/\/shop.janzen-pfeifen.de\/?post_type=product&#038;p=24428"},"modified":"2024-05-15T09:44:29","modified_gmt":"2024-05-15T07:44:29","slug":"210-211-acrylstangen-mit-bohrung-schwarz-poliert-laenge-100-mm-o-1517-mm","status":"publish","type":"product","link":"https:\/\/shop.janzen-pfeifen.de\/en\/product\/210-211-acrylstangen-mit-bohrung-schwarz-poliert-laenge-100-mm-o-1517-mm\/","title":{"rendered":"210-211 Acrylstangen mit Bohrung, schwarz, poliert, L\u00e4nge 100 mm \u00f8 15+17 mm"},"content":{"rendered":"","protected":false},"excerpt":{"rendered":"<p>&nbsp;<\/p>\n<p>Acryl-Stangen mit Bohrung zur Herstellung von Mundst\u00fccken und Mundst\u00fcck-Verl\u00e4ngerungen, schwarz, poliert.<br \/>\nDurchmessern 15 und 17 mm. Bohrung 3 mm.<\/p>\n<p><strong>Discount:\u00a0\u00a0 <\/strong>Discounts are granted for the total quantity of items of the order from the category  RODS \/ ACRYLIC.<\/p>\n<p>from 4 pieces 5%<br \/>\nfrom 12 pieces 10%<br \/>\nab 24 St\u00fcck 15%<\/p>","protected":false},"featured_media":24436,"template":"","meta":[],"product_cat":[46],"product_tag":[],"_links":{"self":[{"href":"https:\/\/shop.janzen-pfeifen.de\/en\/wp-json\/wp\/v2\/product\/24428"}],"collection":[{"href":"https:\/\/shop.janzen-pfeifen.de\/en\/wp-json\/wp\/v2\/product"}],"about":[{"href":"https:\/\/shop.janzen-pfeifen.de\/en\/wp-json\/wp\/v2\/types\/product"}],"wp:featuredmedia":[{"embeddable":true,"href":"https:\/\/shop.janzen-pfeifen.de\/en\/wp-json\/wp\/v2\/media\/24436"}],"wp:attachment":[{"href":"https:\/\/shop.janzen-pfeifen.de\/en\/wp-json\/wp\/v2\/media?parent=24428"}],"wp:term":[{"taxonomy":"product_cat","embeddable":true,"href":"https:\/\/shop.janzen-pfeifen.de\/en\/wp-json\/wp\/v2\/product_cat?post=24428"},{"taxonomy":"product_tag","embeddable":true,"href":"https:\/\/shop.janzen-pfeifen.de\/en\/wp-json\/wp\/v2\/product_tag?post=24428"}],"curies":[{"name":"wp","href":"https:\/\/api.w.org\/{rel}","templated":true}]}}