{"id":1678,"date":"2019-08-30T11:43:59","date_gmt":"2019-08-30T09:43:59","guid":{"rendered":"https:\/\/janzen-pfeifen.de\/shop\/?post_type=product&#038;p=1678"},"modified":"2023-06-12T12:29:57","modified_gmt":"2023-06-12T10:29:57","slug":"231-acryl-stange-honig","status":"publish","type":"product","link":"https:\/\/shop.janzen-pfeifen.de\/en\/product\/231-acryl-stange-honig\/","title":{"rendered":"231 Acrylic rod, honey, \u00f8 20 mm, price per 0,25 m"},"content":{"rendered":"","protected":false},"excerpt":{"rendered":"<div class=\"product-short-description\">\n<p>&nbsp;<\/p>\n<p>Bei Bestellung von mehr als 0,25m wird die Ware in der gr\u00f6\u00dftm\u00f6glichen L\u00e4nge (max. 1m) geliefert. Beachten sie auch unsere Rabatte von bis zu 15 %.<\/p>\n<p>Acrylic rods for the production of mouth pieces, honey. Diameter  20 mm.<\/p>\n<p><strong>Discount:\u00a0\u00a0 <\/strong>Discounts are granted for the total quantity of items of the order from the category <strong>RODS \/ ACRYLIC.<\/strong> .<\/p>\n<p>from 4 pieces (1 m) 5%<br \/>\nfrom 12 pieces (3 m) 10%<br \/>\nab 24 St\u00fcck (6m) 15%<\/p>\n<\/div>\n<p>&nbsp;<\/p>\n<p>&nbsp;<\/p>\n<p>&nbsp;<\/p>","protected":false},"featured_media":1553,"template":"","meta":[],"product_cat":[46],"product_tag":[],"_links":{"self":[{"href":"https:\/\/shop.janzen-pfeifen.de\/en\/wp-json\/wp\/v2\/product\/1678"}],"collection":[{"href":"https:\/\/shop.janzen-pfeifen.de\/en\/wp-json\/wp\/v2\/product"}],"about":[{"href":"https:\/\/shop.janzen-pfeifen.de\/en\/wp-json\/wp\/v2\/types\/product"}],"wp:featuredmedia":[{"embeddable":true,"href":"https:\/\/shop.janzen-pfeifen.de\/en\/wp-json\/wp\/v2\/media\/1553"}],"wp:attachment":[{"href":"https:\/\/shop.janzen-pfeifen.de\/en\/wp-json\/wp\/v2\/media?parent=1678"}],"wp:term":[{"taxonomy":"product_cat","embeddable":true,"href":"https:\/\/shop.janzen-pfeifen.de\/en\/wp-json\/wp\/v2\/product_cat?post=1678"},{"taxonomy":"product_tag","embeddable":true,"href":"https:\/\/shop.janzen-pfeifen.de\/en\/wp-json\/wp\/v2\/product_tag?post=1678"}],"curies":[{"name":"wp","href":"https:\/\/api.w.org\/{rel}","templated":true}]}}