{"id":786,"date":"2019-07-10T08:02:47","date_gmt":"2019-07-10T06:02:47","guid":{"rendered":"https:\/\/janzen-pfeifen.de\/shop\/?page_id=786"},"modified":"2024-03-26T00:36:05","modified_gmt":"2024-03-25T23:36:05","slug":"acryl-mundstuecke-variation-zapfen-1-10","status":"publish","type":"page","link":"https:\/\/shop.janzen-pfeifen.de\/en\/acryl-mundstuecke-variation-zapfen-1-10\/","title":{"rendered":"Acryl Mundst\u00fccke Variation Zapfen 1-10"},"content":{"rendered":"<div id=\"pl-786\"  class=\"panel-layout\" ><div id=\"pg-786-0\"  class=\"panel-grid panel-no-style\" ><div id=\"pgc-786-0-0\"  class=\"panel-grid-cell\" ><div id=\"panel-786-0-0-0\" class=\"so-panel widget widget_sow-editor panel-first-child panel-last-child\" data-index=\"0\" ><div class=\"so-widget-sow-editor so-widget-sow-editor-base\">\n<div class=\"siteorigin-widget-tinymce textwidget\">\n\t<h3>Selection of the tenon<\/h3>\n<\/div>\n<\/div><\/div><\/div><div id=\"pgc-786-0-1\"  class=\"panel-grid-cell\" ><div id=\"panel-786-0-1-0\" class=\"so-panel widget widget_sow-editor panel-first-child panel-last-child\" data-index=\"1\" ><div class=\"so-widget-sow-editor so-widget-sow-editor-base\">\n<div class=\"siteorigin-widget-tinymce textwidget\">\n\t<p>Please choose the desired tenon code when ordering.<\/p>\n<\/div>\n<\/div><\/div><\/div><\/div><div id=\"pg-786-1\"  class=\"panel-grid panel-no-style\" ><div id=\"pgc-786-1-0\"  class=\"panel-grid-cell\" ><div id=\"panel-786-1-0-0\" class=\"so-panel widget widget_sow-image panel-first-child\" data-index=\"2\" ><div class=\"so-widget-sow-image so-widget-sow-image-default-ab294a5857f7-786\">\n\n<div class=\"sow-image-container\">\n\t\t<img src=\"https:\/\/shop.janzen-pfeifen.de\/wp-content\/uploads\/2019\/Produkte_01_Variation-Zapfen\/Z-001-300x212.jpg\" width=\"300\" height=\"212\" srcset=\"https:\/\/shop.janzen-pfeifen.de\/wp-content\/uploads\/2019\/Produkte_01_Variation-Zapfen\/Z-001-300x212.jpg 300w, https:\/\/shop.janzen-pfeifen.de\/wp-content\/uploads\/2019\/Produkte_01_Variation-Zapfen\/Z-001-247x175.jpg 247w, https:\/\/shop.janzen-pfeifen.de\/wp-content\/uploads\/2019\/Produkte_01_Variation-Zapfen\/Z-001-510x360.jpg 510w, https:\/\/shop.janzen-pfeifen.de\/wp-content\/uploads\/2019\/Produkte_01_Variation-Zapfen\/Z-001.jpg 750w\" sizes=\"(max-width: 300px) 100vw, 300px\" alt=\"\" loading=\"lazy\" \t\tclass=\"so-widget-image\"\/>\n\t<\/div>\n\n<\/div><\/div><div id=\"panel-786-1-0-1\" class=\"so-panel widget widget_sow-editor panel-last-child\" data-index=\"3\" ><div class=\"so-widget-sow-editor so-widget-sow-editor-base\">\n<div class=\"siteorigin-widget-tinymce textwidget\">\n\t<p><strong>001<\/strong><\/p>\n<table>\n<tbody>\n<tr>\n<td>Tenon \u00d8<\/td>\n<td>10,5 mm<\/td>\n<\/tr>\n<tr>\n<td>Knurling \u00d8<\/td>\n<td>10,5 mm<\/td>\n<\/tr>\n<tr>\n<td>Total length<\/td>\n<td>25 mm<\/td>\n<\/tr>\n<tr>\n<td>Drilling<\/td>\n<td>8,8 mm<\/td>\n<\/tr>\n<\/tbody>\n<\/table>\n<\/div>\n<\/div><\/div><\/div><div id=\"pgc-786-1-1\"  class=\"panel-grid-cell\" ><div id=\"panel-786-1-1-0\" class=\"so-panel widget widget_sow-image panel-first-child\" data-index=\"4\" ><div class=\"so-widget-sow-image so-widget-sow-image-default-ab294a5857f7-786\">\n\n<div class=\"sow-image-container\">\n\t\t<img src=\"https:\/\/shop.janzen-pfeifen.de\/wp-content\/uploads\/2024\/03\/002-NEU-tableau-1.jpg\" width=\"300\" height=\"212\" srcset=\"https:\/\/shop.janzen-pfeifen.de\/wp-content\/uploads\/2024\/03\/002-NEU-tableau-1.jpg 300w, https:\/\/shop.janzen-pfeifen.de\/wp-content\/uploads\/2024\/03\/002-NEU-tableau-1-18x12.jpg 18w, https:\/\/shop.janzen-pfeifen.de\/wp-content\/uploads\/2024\/03\/002-NEU-tableau-1-247x175.jpg 247w\" sizes=\"(max-width: 300px) 100vw, 300px\" title=\"002-NEU-tableau\" alt=\"\" loading=\"lazy\" \t\tclass=\"so-widget-image\"\/>\n\t<\/div>\n\n<\/div><\/div><div id=\"panel-786-1-1-1\" class=\"so-panel widget widget_sow-editor panel-last-child\" data-index=\"5\" ><div class=\"so-widget-sow-editor so-widget-sow-editor-base\">\n<div class=\"siteorigin-widget-tinymce textwidget\">\n\t<p><strong>002<\/strong><\/p>\n<table>\n<tbody>\n<tr>\n<td>Tenon \u00d8<\/td>\n<td>10,3 mm<\/td>\n<\/tr>\n<tr>\n<td>Knurling \u00d8<\/td>\n<td>10,3 mm<\/td>\n<\/tr>\n<tr>\n<td>Total length<\/td>\n<td>30 mm<\/td>\n<\/tr>\n<tr>\n<td>Drilling<\/td>\n<td>8,8 mm<\/td>\n<\/tr>\n<\/tbody>\n<\/table>\n<\/div>\n<\/div><\/div><\/div><div id=\"pgc-786-1-2\"  class=\"panel-grid-cell\" ><div id=\"panel-786-1-2-0\" class=\"so-panel widget widget_sow-image panel-first-child\" data-index=\"6\" ><div class=\"so-widget-sow-image so-widget-sow-image-default-ab294a5857f7-786\">\n\n<div class=\"sow-image-container\">\n\t\t<img src=\"https:\/\/shop.janzen-pfeifen.de\/wp-content\/uploads\/2019\/Produkte_01_Variation-Zapfen\/Z-003-300x212.jpg\" width=\"300\" height=\"212\" srcset=\"https:\/\/shop.janzen-pfeifen.de\/wp-content\/uploads\/2019\/Produkte_01_Variation-Zapfen\/Z-003-300x212.jpg 300w, https:\/\/shop.janzen-pfeifen.de\/wp-content\/uploads\/2019\/Produkte_01_Variation-Zapfen\/Z-003-247x175.jpg 247w, https:\/\/shop.janzen-pfeifen.de\/wp-content\/uploads\/2019\/Produkte_01_Variation-Zapfen\/Z-003-510x360.jpg 510w, https:\/\/shop.janzen-pfeifen.de\/wp-content\/uploads\/2019\/Produkte_01_Variation-Zapfen\/Z-003.jpg 750w\" sizes=\"(max-width: 300px) 100vw, 300px\" alt=\"\" loading=\"lazy\" \t\tclass=\"so-widget-image\"\/>\n\t<\/div>\n\n<\/div><\/div><div id=\"panel-786-1-2-1\" class=\"so-panel widget widget_sow-editor panel-last-child\" data-index=\"7\" ><div class=\"so-widget-sow-editor so-widget-sow-editor-base\">\n<div class=\"siteorigin-widget-tinymce textwidget\">\n\t<p><strong>003<\/strong><\/p>\n<table>\n<tbody>\n<tr>\n<td>Tenon \u00d8<\/td>\n<td>10,3 mm<\/td>\n<\/tr>\n<tr>\n<td>Knurling \u00d8<\/td>\n<td>10,3 mm<\/td>\n<\/tr>\n<tr>\n<td>Total length<\/td>\n<td>30 mm<\/td>\n<\/tr>\n<tr>\n<td>Drilling<\/td>\n<td>8,8 mm<\/td>\n<\/tr>\n<\/tbody>\n<\/table>\n<\/div>\n<\/div><\/div><\/div><div id=\"pgc-786-1-3\"  class=\"panel-grid-cell\" ><div id=\"panel-786-1-3-0\" class=\"so-panel widget widget_sow-image panel-first-child\" data-index=\"8\" ><div class=\"so-widget-sow-image so-widget-sow-image-default-ab294a5857f7-786\">\n\n<div class=\"sow-image-container\">\n\t\t<img src=\"https:\/\/shop.janzen-pfeifen.de\/wp-content\/uploads\/2019\/Produkte_01_Variation-Zapfen\/Z-004-300x212.jpg\" width=\"300\" height=\"212\" srcset=\"https:\/\/shop.janzen-pfeifen.de\/wp-content\/uploads\/2019\/Produkte_01_Variation-Zapfen\/Z-004-300x212.jpg 300w, https:\/\/shop.janzen-pfeifen.de\/wp-content\/uploads\/2019\/Produkte_01_Variation-Zapfen\/Z-004-247x175.jpg 247w, https:\/\/shop.janzen-pfeifen.de\/wp-content\/uploads\/2019\/Produkte_01_Variation-Zapfen\/Z-004-510x360.jpg 510w, https:\/\/shop.janzen-pfeifen.de\/wp-content\/uploads\/2019\/Produkte_01_Variation-Zapfen\/Z-004.jpg 750w\" sizes=\"(max-width: 300px) 100vw, 300px\" alt=\"\" loading=\"lazy\" \t\tclass=\"so-widget-image\"\/>\n\t<\/div>\n\n<\/div><\/div><div id=\"panel-786-1-3-1\" class=\"so-panel widget widget_sow-editor panel-last-child\" data-index=\"9\" ><div class=\"so-widget-sow-editor so-widget-sow-editor-base\">\n<div class=\"siteorigin-widget-tinymce textwidget\">\n\t<p><strong>004<\/strong><\/p>\n<table>\n<tbody>\n<tr>\n<td>Tenon \u00d8<\/td>\n<td>8,0 mm<\/td>\n<\/tr>\n<tr>\n<td>Knurling \u00d8<\/td>\n<td>8,0 mm<\/td>\n<\/tr>\n<tr>\n<td>Total length<\/td>\n<td>30 mm<\/td>\n<\/tr>\n<tr>\n<td>Drilling<\/td>\n<td>6,6 mm<\/td>\n<\/tr>\n<\/tbody>\n<\/table>\n<\/div>\n<\/div><\/div><\/div><\/div><div id=\"pg-786-2\"  class=\"panel-grid panel-no-style\" ><div id=\"pgc-786-2-0\"  class=\"panel-grid-cell\" ><div id=\"panel-786-2-0-0\" class=\"so-panel widget widget_sow-image panel-first-child\" data-index=\"10\" ><div class=\"so-widget-sow-image so-widget-sow-image-default-ab294a5857f7-786\">\n\n<div class=\"sow-image-container\">\n\t\t<img src=\"https:\/\/shop.janzen-pfeifen.de\/wp-content\/uploads\/2019\/Produkte_01_Variation-Zapfen\/Z-005-300x212.jpg\" width=\"300\" height=\"212\" srcset=\"https:\/\/shop.janzen-pfeifen.de\/wp-content\/uploads\/2019\/Produkte_01_Variation-Zapfen\/Z-005-300x212.jpg 300w, https:\/\/shop.janzen-pfeifen.de\/wp-content\/uploads\/2019\/Produkte_01_Variation-Zapfen\/Z-005-247x175.jpg 247w, https:\/\/shop.janzen-pfeifen.de\/wp-content\/uploads\/2019\/Produkte_01_Variation-Zapfen\/Z-005-510x360.jpg 510w, https:\/\/shop.janzen-pfeifen.de\/wp-content\/uploads\/2019\/Produkte_01_Variation-Zapfen\/Z-005.jpg 750w\" sizes=\"(max-width: 300px) 100vw, 300px\" alt=\"\" loading=\"lazy\" \t\tclass=\"so-widget-image\"\/>\n\t<\/div>\n\n<\/div><\/div><div id=\"panel-786-2-0-1\" class=\"so-panel widget widget_sow-editor panel-last-child\" data-index=\"11\" ><div class=\"so-widget-sow-editor so-widget-sow-editor-base\">\n<div class=\"siteorigin-widget-tinymce textwidget\">\n\t<p><strong>005<\/strong><\/p>\n<table>\n<tbody>\n<tr>\n<td>Tenon \u00d8<\/td>\n<td>7,0 mm<\/td>\n<\/tr>\n<tr>\n<td>Knurling \u00d8<\/td>\n<td>7,2 mm<\/td>\n<\/tr>\n<tr>\n<td>Total length<\/td>\n<td>25 mm<\/td>\n<\/tr>\n<tr>\n<td>Drilling<\/td>\n<td>3,5 mm<\/td>\n<\/tr>\n<\/tbody>\n<\/table>\n<\/div>\n<\/div><\/div><\/div><div id=\"pgc-786-2-1\"  class=\"panel-grid-cell\" ><div id=\"panel-786-2-1-0\" class=\"so-panel widget widget_sow-image panel-first-child\" data-index=\"12\" ><div class=\"so-widget-sow-image so-widget-sow-image-default-ab294a5857f7-786\">\n\n<div class=\"sow-image-container\">\n\t\t<img src=\"https:\/\/shop.janzen-pfeifen.de\/wp-content\/uploads\/2019\/Produkte_01_Variation-Zapfen\/Z-006-300x212.jpg\" width=\"300\" height=\"212\" srcset=\"https:\/\/shop.janzen-pfeifen.de\/wp-content\/uploads\/2019\/Produkte_01_Variation-Zapfen\/Z-006-300x212.jpg 300w, https:\/\/shop.janzen-pfeifen.de\/wp-content\/uploads\/2019\/Produkte_01_Variation-Zapfen\/Z-006-247x175.jpg 247w, https:\/\/shop.janzen-pfeifen.de\/wp-content\/uploads\/2019\/Produkte_01_Variation-Zapfen\/Z-006-510x360.jpg 510w, https:\/\/shop.janzen-pfeifen.de\/wp-content\/uploads\/2019\/Produkte_01_Variation-Zapfen\/Z-006.jpg 750w\" sizes=\"(max-width: 300px) 100vw, 300px\" alt=\"\" loading=\"lazy\" \t\tclass=\"so-widget-image\"\/>\n\t<\/div>\n\n<\/div><\/div><div id=\"panel-786-2-1-1\" class=\"so-panel widget widget_sow-editor panel-last-child\" data-index=\"13\" ><div class=\"so-widget-sow-editor so-widget-sow-editor-base\">\n<div class=\"siteorigin-widget-tinymce textwidget\">\n\t<p><strong>006<\/strong><\/p>\n<table>\n<tbody>\n<tr>\n<td>Tenon \u00d8<\/td>\n<td>6,0 mm<\/td>\n<\/tr>\n<tr>\n<td>Knurling \u00d8<\/td>\n<td>7,2 mm<\/td>\n<\/tr>\n<tr>\n<td>Total length<\/td>\n<td>25 mm<\/td>\n<\/tr>\n<tr>\n<td>Drilling<\/td>\n<td>3,5 mm<\/td>\n<\/tr>\n<\/tbody>\n<\/table>\n<\/div>\n<\/div><\/div><\/div><div id=\"pgc-786-2-2\"  class=\"panel-grid-cell\" ><div id=\"panel-786-2-2-0\" class=\"so-panel widget widget_sow-image panel-first-child\" data-index=\"14\" ><div class=\"so-widget-sow-image so-widget-sow-image-default-ab294a5857f7-786\">\n\n<div class=\"sow-image-container\">\n\t\t<img src=\"https:\/\/shop.janzen-pfeifen.de\/wp-content\/uploads\/2019\/Produkte_01_Variation-Zapfen\/Z-007-300x212.jpg\" width=\"300\" height=\"212\" srcset=\"https:\/\/shop.janzen-pfeifen.de\/wp-content\/uploads\/2019\/Produkte_01_Variation-Zapfen\/Z-007-300x212.jpg 300w, https:\/\/shop.janzen-pfeifen.de\/wp-content\/uploads\/2019\/Produkte_01_Variation-Zapfen\/Z-007-247x175.jpg 247w, https:\/\/shop.janzen-pfeifen.de\/wp-content\/uploads\/2019\/Produkte_01_Variation-Zapfen\/Z-007-510x360.jpg 510w, https:\/\/shop.janzen-pfeifen.de\/wp-content\/uploads\/2019\/Produkte_01_Variation-Zapfen\/Z-007.jpg 750w\" sizes=\"(max-width: 300px) 100vw, 300px\" alt=\"\" loading=\"lazy\" \t\tclass=\"so-widget-image\"\/>\n\t<\/div>\n\n<\/div><\/div><div id=\"panel-786-2-2-1\" class=\"so-panel widget widget_sow-editor panel-last-child\" data-index=\"15\" ><div class=\"so-widget-sow-editor so-widget-sow-editor-base\">\n<div class=\"siteorigin-widget-tinymce textwidget\">\n\t<p><strong>007<\/strong><\/p>\n<table>\n<tbody>\n<tr>\n<td>Tenon \u00d8<\/td>\n<td>7,1 mm<\/td>\n<\/tr>\n<tr>\n<td>Knurling \u00d8<\/td>\n<td>7,0 mm<\/td>\n<\/tr>\n<tr>\n<td>Total length<\/td>\n<td>24 mm<\/td>\n<\/tr>\n<tr>\n<td>Drilling<\/td>\n<td>3,0 mm<\/td>\n<\/tr>\n<\/tbody>\n<\/table>\n<\/div>\n<\/div><\/div><\/div><div id=\"pgc-786-2-3\"  class=\"panel-grid-cell\" ><div id=\"panel-786-2-3-0\" class=\"so-panel widget widget_sow-image panel-first-child\" data-index=\"16\" ><div class=\"so-widget-sow-image so-widget-sow-image-default-ab294a5857f7-786\">\n\n<div class=\"sow-image-container\">\n\t\t<img src=\"https:\/\/shop.janzen-pfeifen.de\/wp-content\/uploads\/2019\/Produkte_01_Variation-Zapfen\/Z-008-300x212.jpg\" width=\"300\" height=\"212\" srcset=\"https:\/\/shop.janzen-pfeifen.de\/wp-content\/uploads\/2019\/Produkte_01_Variation-Zapfen\/Z-008-300x212.jpg 300w, https:\/\/shop.janzen-pfeifen.de\/wp-content\/uploads\/2019\/Produkte_01_Variation-Zapfen\/Z-008-247x175.jpg 247w, https:\/\/shop.janzen-pfeifen.de\/wp-content\/uploads\/2019\/Produkte_01_Variation-Zapfen\/Z-008-510x360.jpg 510w, https:\/\/shop.janzen-pfeifen.de\/wp-content\/uploads\/2019\/Produkte_01_Variation-Zapfen\/Z-008.jpg 750w\" sizes=\"(max-width: 300px) 100vw, 300px\" alt=\"\" loading=\"lazy\" \t\tclass=\"so-widget-image\"\/>\n\t<\/div>\n\n<\/div><\/div><div id=\"panel-786-2-3-1\" class=\"so-panel widget widget_sow-editor panel-last-child\" data-index=\"17\" ><div class=\"so-widget-sow-editor so-widget-sow-editor-base\">\n<div class=\"siteorigin-widget-tinymce textwidget\">\n\t<p><strong>008<\/strong><\/p>\n<table>\n<tbody>\n<tr>\n<td>Tenon \u00d8<\/td>\n<td>6,1 mm<\/td>\n<\/tr>\n<tr>\n<td>Knurling \u00d8<\/td>\n<td>6,1 mm<\/td>\n<\/tr>\n<tr>\n<td>Total length<\/td>\n<td>20 mm<\/td>\n<\/tr>\n<tr>\n<td>Drilling<\/td>\n<td>3,0 mm<\/td>\n<\/tr>\n<\/tbody>\n<\/table>\n<\/div>\n<\/div><\/div><\/div><\/div><div id=\"pg-786-3\"  class=\"panel-grid panel-no-style\" ><div id=\"pgc-786-3-0\"  class=\"panel-grid-cell\" ><div id=\"panel-786-3-0-0\" class=\"so-panel widget widget_sow-image panel-first-child\" data-index=\"18\" ><div class=\"so-widget-sow-image so-widget-sow-image-default-ab294a5857f7-786\">\n\n<div class=\"sow-image-container\">\n\t\t<img src=\"https:\/\/shop.janzen-pfeifen.de\/wp-content\/uploads\/2019\/Produkte_01_Variation-Zapfen\/Z-009-300x212.jpg\" width=\"300\" height=\"212\" srcset=\"https:\/\/shop.janzen-pfeifen.de\/wp-content\/uploads\/2019\/Produkte_01_Variation-Zapfen\/Z-009-300x212.jpg 300w, https:\/\/shop.janzen-pfeifen.de\/wp-content\/uploads\/2019\/Produkte_01_Variation-Zapfen\/Z-009-247x175.jpg 247w, https:\/\/shop.janzen-pfeifen.de\/wp-content\/uploads\/2019\/Produkte_01_Variation-Zapfen\/Z-009-510x360.jpg 510w, https:\/\/shop.janzen-pfeifen.de\/wp-content\/uploads\/2019\/Produkte_01_Variation-Zapfen\/Z-009.jpg 750w\" sizes=\"(max-width: 300px) 100vw, 300px\" alt=\"\" loading=\"lazy\" \t\tclass=\"so-widget-image\"\/>\n\t<\/div>\n\n<\/div><\/div><div id=\"panel-786-3-0-1\" class=\"so-panel widget widget_sow-editor panel-last-child\" data-index=\"19\" ><div class=\"so-widget-sow-editor so-widget-sow-editor-base\">\n<div class=\"siteorigin-widget-tinymce textwidget\">\n\t<p><strong>009<\/strong><\/p>\n<table>\n<tbody>\n<tr>\n<td>Tenon \u00d8<\/td>\n<td>8,85 mm<\/td>\n<\/tr>\n<tr>\n<td>Knurling \u00d8<\/td>\n<td>8,0 mm<\/td>\n<\/tr>\n<tr>\n<td>Total length<\/td>\n<td>30 mm<\/td>\n<\/tr>\n<tr>\n<td>Drilling<\/td>\n<td>3,0 mm<\/td>\n<\/tr>\n<\/tbody>\n<\/table>\n<\/div>\n<\/div><\/div><\/div><div id=\"pgc-786-3-1\"  class=\"panel-grid-cell\" ><div id=\"panel-786-3-1-0\" class=\"so-panel widget widget_sow-image panel-first-child\" data-index=\"20\" ><div class=\"so-widget-sow-image so-widget-sow-image-default-ab294a5857f7-786\">\n\n<div class=\"sow-image-container\">\n\t\t<img src=\"https:\/\/shop.janzen-pfeifen.de\/wp-content\/uploads\/2019\/Produkte_01_Variation-Zapfen\/Z-010-300x212.jpg\" width=\"300\" height=\"212\" srcset=\"https:\/\/shop.janzen-pfeifen.de\/wp-content\/uploads\/2019\/Produkte_01_Variation-Zapfen\/Z-010-300x212.jpg 300w, https:\/\/shop.janzen-pfeifen.de\/wp-content\/uploads\/2019\/Produkte_01_Variation-Zapfen\/Z-010-247x175.jpg 247w, https:\/\/shop.janzen-pfeifen.de\/wp-content\/uploads\/2019\/Produkte_01_Variation-Zapfen\/Z-010-510x360.jpg 510w, https:\/\/shop.janzen-pfeifen.de\/wp-content\/uploads\/2019\/Produkte_01_Variation-Zapfen\/Z-010.jpg 750w\" sizes=\"(max-width: 300px) 100vw, 300px\" alt=\"\" loading=\"lazy\" \t\tclass=\"so-widget-image\"\/>\n\t<\/div>\n\n<\/div><\/div><div id=\"panel-786-3-1-1\" class=\"so-panel widget widget_sow-editor panel-last-child\" data-index=\"21\" ><div class=\"so-widget-sow-editor so-widget-sow-editor-base\">\n<div class=\"siteorigin-widget-tinymce textwidget\">\n\t<p><strong>010<\/strong><\/p>\n<table>\n<tbody>\n<tr>\n<td>Tenon \u00d8<\/td>\n<td>7,8 mm<\/td>\n<\/tr>\n<tr>\n<td>Knurling \u00d8<\/td>\n<td>8,0 mm<\/td>\n<\/tr>\n<tr>\n<td>Total length<\/td>\n<td>32,0 mm<\/td>\n<\/tr>\n<tr>\n<td>Drilling<\/td>\n<td>3,0 mm<\/td>\n<\/tr>\n<\/tbody>\n<\/table>\n<\/div>\n<\/div><\/div><\/div><div id=\"pgc-786-3-2\"  class=\"panel-grid-cell panel-grid-cell-empty panel-grid-cell-mobile-last\" ><\/div><div id=\"pgc-786-3-3\"  class=\"panel-grid-cell panel-grid-cell-empty\" ><\/div><\/div><div id=\"pg-786-4\"  class=\"panel-grid panel-no-style\" ><div id=\"pgc-786-4-0\"  class=\"panel-grid-cell panel-grid-cell-empty\" ><\/div><div id=\"pgc-786-4-1\"  class=\"panel-grid-cell panel-grid-cell-empty\" ><\/div><div id=\"pgc-786-4-2\"  class=\"panel-grid-cell panel-grid-cell-empty panel-grid-cell-mobile-last\" ><\/div><div id=\"pgc-786-4-3\"  class=\"panel-grid-cell panel-grid-cell-empty\" ><\/div><\/div><\/div>","protected":false},"excerpt":{"rendered":"<p>Auswahl Kunststoffzapfen Bitte w\u00e4hlen Sie bei der Bestellung oben den gew\u00fcnschte Zapfencode. 001 Zapfen \u00d8 10,5 mm R\u00e4ndelung \u00d8 10,5 mm Gesamtl\u00e4nge 25 mm Bohrung 8,8 mm 002 Zapfen \u00d8 10,3 mm R\u00e4ndelung \u00d8 10,3 mm Gesamtl\u00e4nge 30 mm Bohrung 8,8 mm 003 Zapfen \u00d8 10,3 mm R\u00e4ndelung \u00d8 10,3 mm Gesamtl\u00e4nge 30 mm Bohrung [&#8230;]","protected":false},"author":421,"featured_media":0,"parent":0,"menu_order":0,"comment_status":"closed","ping_status":"closed","template":"","meta":[],"_links":{"self":[{"href":"https:\/\/shop.janzen-pfeifen.de\/en\/wp-json\/wp\/v2\/pages\/786"}],"collection":[{"href":"https:\/\/shop.janzen-pfeifen.de\/en\/wp-json\/wp\/v2\/pages"}],"about":[{"href":"https:\/\/shop.janzen-pfeifen.de\/en\/wp-json\/wp\/v2\/types\/page"}],"author":[{"embeddable":true,"href":"https:\/\/shop.janzen-pfeifen.de\/en\/wp-json\/wp\/v2\/users\/421"}],"replies":[{"embeddable":true,"href":"https:\/\/shop.janzen-pfeifen.de\/en\/wp-json\/wp\/v2\/comments?post=786"}],"version-history":[{"count":2,"href":"https:\/\/shop.janzen-pfeifen.de\/en\/wp-json\/wp\/v2\/pages\/786\/revisions"}],"predecessor-version":[{"id":24279,"href":"https:\/\/shop.janzen-pfeifen.de\/en\/wp-json\/wp\/v2\/pages\/786\/revisions\/24279"}],"wp:attachment":[{"href":"https:\/\/shop.janzen-pfeifen.de\/en\/wp-json\/wp\/v2\/media?parent=786"}],"curies":[{"name":"wp","href":"https:\/\/api.w.org\/{rel}","templated":true}]}}