{"id":383,"date":"2019-04-23T11:00:23","date_gmt":"2019-04-23T09:00:23","guid":{"rendered":"https:\/\/janzen-pfeifen.de\/shop\/impressum-2\/"},"modified":"2021-06-11T16:58:42","modified_gmt":"2021-06-11T14:58:42","slug":"impressum","status":"publish","type":"page","link":"https:\/\/shop.janzen-pfeifen.de\/en\/impressum\/","title":{"rendered":"Imprint"},"content":{"rendered":"<p>ADDRESS<br>JANZEN-PFEIFEN<br>Haselbusch 12<br>22549 Hamburg<br>tel. 040 \u2013 85 32 21 25<br>fax 040 \u2013 85 32 21 26<br>info@janzen-pfeifen.de<\/p>\n\n\n\n<p>HOLDER<br>Marco Janzen<\/p>\n\n\n\n<p>VAT ID: DE194919086<\/p>\n\n\n\n<p>Concept, design, photo, implementation: TAKT Werbeagentur\/GDS<\/p>\n\n\n\n<p>DISCLAIMER<\/p>\n\n\n\n<p><strong>Liability for content<\/strong><\/p>\n\n\n\n<p>As a service provider we are responsible according \u00a7 7 1 TMG for own contents on these pages under the general law. According to \u00a7\u00a7 8 to 10 TMG we are not obligated as a service provider to monitor transmitted or stored information, or to investigate circumstances that indicate illegal activity.<\/p>\n\n\n\n<p>Obligation to remove or block the use of information under the general laws remain unaffected. However, a relevant liability is only possible from the date of knowledge of a specific infringement. Upon notification of such violations, we will remove the content immediately<\/p>\n\n\n\n<p><strong>Liability for links<\/strong><\/p>\n\n\n\n<p>Our site contains links to external websites, over which we have no control. Therefore we can not accept any responsibility for their content. the respective provider or operator is always responsible for the content of linked pages. The linked sites were checked at the time of linking for possible legal violations. Illegal contents were not apparent at the time of linking.<\/p>\n\n\n\n<p>A permanent control of the linked pages is unreasonable without concrete evidence of a violation. Upon notification of violations, we will immediately remove such links.<\/p>\n\n\n\n<p><strong>Copyright<\/strong><\/p>\n\n\n\n<p>The content created by the site operators and works on these pages are subject to German copyright law. The reproduction, modification, distribution or any kind of exploitation outside the limits of copyright law require the written consent of the author or creator. Downloads and copies (up to necessary forms) are not allowed.<\/p>\n\n\n\n<p>As far as the content is not created by the website operator, the copyrights of third parties. In particular contents of third parties are marked as such. You should still be aware of copyright infringement, we ask for a hint. Upon notification of violations, we will immediately remove such content.<br>Picture from stock archives: Adobe Stock 137803255 \/ 275073852.<br>All other pictures: Marco Janzen, Karsten Kulemann.<\/p>","protected":false},"excerpt":{"rendered":"<p>ANSCHRIFTJANZEN-PFEIFENHaselbusch 1222549 Hamburgtel. 040 \u2013 85 32 21 25fax 040 \u2013 85 32 21 26info@janzen-pfeifen.de INHABERMarco Janzen Umsatzsteuer ID: DE194919086 Konzept, Design, Foto, Umsetzung:&nbsp; TAKT Werbeagentur\/GDS DISCLAIMER Haftung f\u00fcr Inhalte Als Diensteanbieter sind wir gem\u00e4\u00df \u00a7 7 Abs.1 TMG f\u00fcr eigene Inhalte auf diesen Seiten nach den allgemeinen Gesetzen verantwortlich. Nach \u00a7\u00a7 8 bis 10 [&#8230;]","protected":false},"author":421,"featured_media":0,"parent":0,"menu_order":0,"comment_status":"closed","ping_status":"closed","template":"","meta":[],"_links":{"self":[{"href":"https:\/\/shop.janzen-pfeifen.de\/en\/wp-json\/wp\/v2\/pages\/383"}],"collection":[{"href":"https:\/\/shop.janzen-pfeifen.de\/en\/wp-json\/wp\/v2\/pages"}],"about":[{"href":"https:\/\/shop.janzen-pfeifen.de\/en\/wp-json\/wp\/v2\/types\/page"}],"author":[{"embeddable":true,"href":"https:\/\/shop.janzen-pfeifen.de\/en\/wp-json\/wp\/v2\/users\/421"}],"replies":[{"embeddable":true,"href":"https:\/\/shop.janzen-pfeifen.de\/en\/wp-json\/wp\/v2\/comments?post=383"}],"version-history":[{"count":0,"href":"https:\/\/shop.janzen-pfeifen.de\/en\/wp-json\/wp\/v2\/pages\/383\/revisions"}],"wp:attachment":[{"href":"https:\/\/shop.janzen-pfeifen.de\/en\/wp-json\/wp\/v2\/media?parent=383"}],"curies":[{"name":"wp","href":"https:\/\/api.w.org\/{rel}","templated":true}]}}