{"id":20481,"date":"2022-12-19T03:14:12","date_gmt":"2022-12-19T02:14:12","guid":{"rendered":"https:\/\/shop.janzen-pfeifen.de\/?page_id=20481"},"modified":"2022-12-21T14:10:41","modified_gmt":"2022-12-21T13:10:41","slug":"ebonit-hm-mundstuecke-6-farben","status":"publish","type":"page","link":"https:\/\/shop.janzen-pfeifen.de\/en\/ebonit-hm-mundstuecke-6-farben\/","title":{"rendered":"Ebonit HM Mundst\u00fccke 6 Farben"},"content":{"rendered":"<div id=\"pl-20481\"  class=\"panel-layout\" ><div id=\"pg-20481-0\"  class=\"panel-grid panel-no-style\" ><div id=\"pgc-20481-0-0\"  class=\"panel-grid-cell\" ><div id=\"panel-20481-0-0-0\" class=\"so-panel widget widget_sow-editor panel-first-child panel-last-child\" data-index=\"0\" ><div class=\"so-widget-sow-editor so-widget-sow-editor-base\">\n<div class=\"siteorigin-widget-tinymce textwidget\">\n\t<p>&nbsp;<\/p>\n<h4><strong>Ebonit-Mundst\u00fccke in schwarz und den gezeigten 6 Farben.<br \/>\nBitte geben Sie bei Ihrer Bestellung den Farbcode ein.<\/strong><\/h4>\n<p>Es k\u00f6nnen nicht alle Farben f\u00fcr alle Modelle geliefert werden. Wir kontaktieren Sie, wenn die gew\u00fcnschte Farbe nicht m\u00f6glich ist und bieten Ihnen ggf. Alternativen an.<\/p>\n<\/div>\n<\/div><\/div><\/div><div id=\"pgc-20481-0-1\"  class=\"panel-grid-cell\" ><div id=\"panel-20481-0-1-0\" class=\"so-panel widget widget_sow-editor panel-first-child panel-last-child\" data-index=\"1\" ><div class=\"so-widget-sow-editor so-widget-sow-editor-base\">\n<div class=\"siteorigin-widget-tinymce textwidget\">\n\t<p>&nbsp;<\/p>\n<h4><strong>Ebonite mouthpieces in black and the 6 colours shown.<\/strong><br \/>\n<strong>Please enter the colour code when ordering.<\/strong><\/h4>\n<p>Not all colours can be supplied for all models. We will contact you if the desired colour is not possible and offer you alternatives if nessesary.<\/p>\n<\/div>\n<\/div><\/div><\/div><\/div><div id=\"pg-20481-1\"  class=\"panel-grid panel-no-style\" ><div id=\"pgc-20481-1-0\"  class=\"panel-grid-cell\" ><div id=\"panel-20481-1-0-0\" class=\"so-panel widget widget_sow-image panel-first-child panel-last-child\" data-index=\"2\" ><div class=\"so-widget-sow-image so-widget-sow-image-default-ab294a5857f7-20481\">\n\n<div class=\"sow-image-container\">\n\t\t<img src=\"https:\/\/shop.janzen-pfeifen.de\/wp-content\/uploads\/2022\/12\/310-rot-schwarz-300x300.jpg\" width=\"300\" height=\"300\" srcset=\"https:\/\/shop.janzen-pfeifen.de\/wp-content\/uploads\/2022\/12\/310-rot-schwarz-300x300.jpg 300w, https:\/\/shop.janzen-pfeifen.de\/wp-content\/uploads\/2022\/12\/310-rot-schwarz-150x150.jpg 150w, https:\/\/shop.janzen-pfeifen.de\/wp-content\/uploads\/2022\/12\/310-rot-schwarz-12x12.jpg 12w, https:\/\/shop.janzen-pfeifen.de\/wp-content\/uploads\/2022\/12\/310-rot-schwarz-247x247.jpg 247w, https:\/\/shop.janzen-pfeifen.de\/wp-content\/uploads\/2022\/12\/310-rot-schwarz-100x100.jpg 100w, https:\/\/shop.janzen-pfeifen.de\/wp-content\/uploads\/2022\/12\/310-rot-schwarz.jpg 510w\" sizes=\"(max-width: 300px) 100vw, 300px\" title=\"310 cumberland rot\/schwarz\" alt=\"\" loading=\"lazy\" \t\tclass=\"so-widget-image\"\/>\n\t<\/div>\n\n<h3 class=\"widget-title\">310 cumberland rot\/schwarz<\/h3><\/div><\/div><\/div><div id=\"pgc-20481-1-1\"  class=\"panel-grid-cell\" ><div id=\"panel-20481-1-1-0\" class=\"so-panel widget widget_sow-image panel-first-child panel-last-child\" data-index=\"3\" ><div class=\"so-widget-sow-image so-widget-sow-image-default-ab294a5857f7-20481\">\n\n<div class=\"sow-image-container\">\n\t\t<img src=\"https:\/\/shop.janzen-pfeifen.de\/wp-content\/uploads\/2022\/12\/313-gruen-schwarz-300x300.jpg\" width=\"300\" height=\"300\" srcset=\"https:\/\/shop.janzen-pfeifen.de\/wp-content\/uploads\/2022\/12\/313-gruen-schwarz-300x300.jpg 300w, https:\/\/shop.janzen-pfeifen.de\/wp-content\/uploads\/2022\/12\/313-gruen-schwarz-150x150.jpg 150w, https:\/\/shop.janzen-pfeifen.de\/wp-content\/uploads\/2022\/12\/313-gruen-schwarz-768x768.jpg 768w, https:\/\/shop.janzen-pfeifen.de\/wp-content\/uploads\/2022\/12\/313-gruen-schwarz-12x12.jpg 12w, https:\/\/shop.janzen-pfeifen.de\/wp-content\/uploads\/2022\/12\/313-gruen-schwarz-247x247.jpg 247w, https:\/\/shop.janzen-pfeifen.de\/wp-content\/uploads\/2022\/12\/313-gruen-schwarz-510x510.jpg 510w, https:\/\/shop.janzen-pfeifen.de\/wp-content\/uploads\/2022\/12\/313-gruen-schwarz-100x100.jpg 100w, https:\/\/shop.janzen-pfeifen.de\/wp-content\/uploads\/2022\/12\/313-gruen-schwarz.jpg 957w\" sizes=\"(max-width: 300px) 100vw, 300px\" title=\"313 cumberland gruen\/schwarz\" alt=\"\" loading=\"lazy\" \t\tclass=\"so-widget-image\"\/>\n\t<\/div>\n\n<h3 class=\"widget-title\">313 cumberland gruen\/schwarz<\/h3><\/div><\/div><\/div><div id=\"pgc-20481-1-2\"  class=\"panel-grid-cell\" ><div id=\"panel-20481-1-2-0\" class=\"so-panel widget widget_sow-image panel-first-child panel-last-child\" data-index=\"4\" ><div class=\"so-widget-sow-image so-widget-sow-image-default-ab294a5857f7-20481\">\n\n<div class=\"sow-image-container\">\n\t\t<img src=\"https:\/\/shop.janzen-pfeifen.de\/wp-content\/uploads\/2022\/12\/314-gelb-schwarz-300x300.jpg\" width=\"300\" height=\"300\" srcset=\"https:\/\/shop.janzen-pfeifen.de\/wp-content\/uploads\/2022\/12\/314-gelb-schwarz-300x300.jpg 300w, https:\/\/shop.janzen-pfeifen.de\/wp-content\/uploads\/2022\/12\/314-gelb-schwarz-150x150.jpg 150w, https:\/\/shop.janzen-pfeifen.de\/wp-content\/uploads\/2022\/12\/314-gelb-schwarz-768x768.jpg 768w, https:\/\/shop.janzen-pfeifen.de\/wp-content\/uploads\/2022\/12\/314-gelb-schwarz-12x12.jpg 12w, https:\/\/shop.janzen-pfeifen.de\/wp-content\/uploads\/2022\/12\/314-gelb-schwarz-247x247.jpg 247w, https:\/\/shop.janzen-pfeifen.de\/wp-content\/uploads\/2022\/12\/314-gelb-schwarz-510x510.jpg 510w, https:\/\/shop.janzen-pfeifen.de\/wp-content\/uploads\/2022\/12\/314-gelb-schwarz-100x100.jpg 100w, https:\/\/shop.janzen-pfeifen.de\/wp-content\/uploads\/2022\/12\/314-gelb-schwarz.jpg 957w\" sizes=\"(max-width: 300px) 100vw, 300px\" title=\"314 cumberland gelb\/schwarz\" alt=\"\" loading=\"lazy\" \t\tclass=\"so-widget-image\"\/>\n\t<\/div>\n\n<h3 class=\"widget-title\">314 cumberland gelb\/schwarz<\/h3><\/div><\/div><\/div><div id=\"pgc-20481-1-3\"  class=\"panel-grid-cell\" ><div id=\"panel-20481-1-3-0\" class=\"so-panel widget widget_sow-image panel-first-child panel-last-child\" data-index=\"5\" ><div class=\"so-widget-sow-image so-widget-sow-image-default-ab294a5857f7-20481\">\n\n<div class=\"sow-image-container\">\n\t\t<img src=\"https:\/\/shop.janzen-pfeifen.de\/wp-content\/uploads\/2022\/12\/315-orange-schwarz-300x300.jpg\" width=\"300\" height=\"300\" srcset=\"https:\/\/shop.janzen-pfeifen.de\/wp-content\/uploads\/2022\/12\/315-orange-schwarz-300x300.jpg 300w, https:\/\/shop.janzen-pfeifen.de\/wp-content\/uploads\/2022\/12\/315-orange-schwarz-150x150.jpg 150w, https:\/\/shop.janzen-pfeifen.de\/wp-content\/uploads\/2022\/12\/315-orange-schwarz-768x768.jpg 768w, https:\/\/shop.janzen-pfeifen.de\/wp-content\/uploads\/2022\/12\/315-orange-schwarz-12x12.jpg 12w, https:\/\/shop.janzen-pfeifen.de\/wp-content\/uploads\/2022\/12\/315-orange-schwarz-247x247.jpg 247w, https:\/\/shop.janzen-pfeifen.de\/wp-content\/uploads\/2022\/12\/315-orange-schwarz-510x510.jpg 510w, https:\/\/shop.janzen-pfeifen.de\/wp-content\/uploads\/2022\/12\/315-orange-schwarz-100x100.jpg 100w, https:\/\/shop.janzen-pfeifen.de\/wp-content\/uploads\/2022\/12\/315-orange-schwarz.jpg 957w\" sizes=\"(max-width: 300px) 100vw, 300px\" title=\"315 cumberland orange\/schwarz\" alt=\"\" loading=\"lazy\" \t\tclass=\"so-widget-image\"\/>\n\t<\/div>\n\n<h3 class=\"widget-title\">315 cumberland orange\/schwarz<\/h3><\/div><\/div><\/div><div id=\"pgc-20481-1-4\"  class=\"panel-grid-cell\" ><div id=\"panel-20481-1-4-0\" class=\"so-panel widget widget_sow-image panel-first-child panel-last-child\" data-index=\"6\" ><div class=\"so-widget-sow-image so-widget-sow-image-default-ab294a5857f7-20481\">\n\n<div class=\"sow-image-container\">\n\t\t<img src=\"https:\/\/shop.janzen-pfeifen.de\/wp-content\/uploads\/2022\/12\/316-violett-schwarz-300x300.jpg\" width=\"300\" height=\"300\" srcset=\"https:\/\/shop.janzen-pfeifen.de\/wp-content\/uploads\/2022\/12\/316-violett-schwarz-300x300.jpg 300w, https:\/\/shop.janzen-pfeifen.de\/wp-content\/uploads\/2022\/12\/316-violett-schwarz-150x150.jpg 150w, https:\/\/shop.janzen-pfeifen.de\/wp-content\/uploads\/2022\/12\/316-violett-schwarz-768x768.jpg 768w, https:\/\/shop.janzen-pfeifen.de\/wp-content\/uploads\/2022\/12\/316-violett-schwarz-12x12.jpg 12w, https:\/\/shop.janzen-pfeifen.de\/wp-content\/uploads\/2022\/12\/316-violett-schwarz-247x247.jpg 247w, https:\/\/shop.janzen-pfeifen.de\/wp-content\/uploads\/2022\/12\/316-violett-schwarz-510x510.jpg 510w, https:\/\/shop.janzen-pfeifen.de\/wp-content\/uploads\/2022\/12\/316-violett-schwarz-100x100.jpg 100w, https:\/\/shop.janzen-pfeifen.de\/wp-content\/uploads\/2022\/12\/316-violett-schwarz.jpg 957w\" sizes=\"(max-width: 300px) 100vw, 300px\" title=\"316 cumberland violett\/schwarz\" alt=\"\" loading=\"lazy\" \t\tclass=\"so-widget-image\"\/>\n\t<\/div>\n\n<h3 class=\"widget-title\">316 cumberland violett\/schwarz<\/h3><\/div><\/div><\/div><div id=\"pgc-20481-1-5\"  class=\"panel-grid-cell\" ><div id=\"panel-20481-1-5-0\" class=\"so-panel widget widget_sow-image panel-first-child panel-last-child\" data-index=\"7\" ><div class=\"so-widget-sow-image so-widget-sow-image-default-ab294a5857f7-20481\">\n\n<div class=\"sow-image-container\">\n\t\t<img src=\"https:\/\/shop.janzen-pfeifen.de\/wp-content\/uploads\/2022\/12\/317-apricot-grau.jpg\" width=\"957\" height=\"957\" srcset=\"https:\/\/shop.janzen-pfeifen.de\/wp-content\/uploads\/2022\/12\/317-apricot-grau.jpg 957w, https:\/\/shop.janzen-pfeifen.de\/wp-content\/uploads\/2022\/12\/317-apricot-grau-300x300.jpg 300w, https:\/\/shop.janzen-pfeifen.de\/wp-content\/uploads\/2022\/12\/317-apricot-grau-150x150.jpg 150w, https:\/\/shop.janzen-pfeifen.de\/wp-content\/uploads\/2022\/12\/317-apricot-grau-768x768.jpg 768w, https:\/\/shop.janzen-pfeifen.de\/wp-content\/uploads\/2022\/12\/317-apricot-grau-12x12.jpg 12w, https:\/\/shop.janzen-pfeifen.de\/wp-content\/uploads\/2022\/12\/317-apricot-grau-247x247.jpg 247w, https:\/\/shop.janzen-pfeifen.de\/wp-content\/uploads\/2022\/12\/317-apricot-grau-510x510.jpg 510w, https:\/\/shop.janzen-pfeifen.de\/wp-content\/uploads\/2022\/12\/317-apricot-grau-100x100.jpg 100w\" sizes=\"(max-width: 957px) 100vw, 957px\" title=\"317 cumberland apricot\/grau\" alt=\"\" loading=\"lazy\" \t\tclass=\"so-widget-image\"\/>\n\t<\/div>\n\n<h3 class=\"widget-title\">317 cumberland apricot\/grau<\/h3><\/div><\/div><\/div><\/div><div id=\"pg-20481-2\"  class=\"panel-grid panel-no-style\" ><div id=\"pgc-20481-2-0\"  class=\"panel-grid-cell panel-grid-cell-empty\" ><\/div><div id=\"pgc-20481-2-1\"  class=\"panel-grid-cell panel-grid-cell-empty\" ><\/div><div id=\"pgc-20481-2-2\"  class=\"panel-grid-cell panel-grid-cell-empty\" ><\/div><div id=\"pgc-20481-2-3\"  class=\"panel-grid-cell panel-grid-cell-empty\" ><\/div><div id=\"pgc-20481-2-4\"  class=\"panel-grid-cell panel-grid-cell-empty panel-grid-cell-mobile-last\" ><\/div><div id=\"pgc-20481-2-5\"  class=\"panel-grid-cell panel-grid-cell-empty\" ><\/div><\/div><\/div>","protected":false},"excerpt":{"rendered":"<p>&nbsp; Ebonit-Mundst\u00fccke in schwarz und den gezeigten 6 Farben. Bitte geben Sie bei Ihrer Bestellung den Farbcode ein. Es k\u00f6nnen nicht alle Farben f\u00fcr alle Modelle geliefert werden. Wir kontaktieren Sie, wenn die gew\u00fcnschte Farbe nicht m\u00f6glich ist und bieten Ihnen ggf. Alternativen an. &nbsp; Ebonite mouthpieces in black and the 6 colours shown. Please [&#8230;]","protected":false},"author":6,"featured_media":0,"parent":0,"menu_order":0,"comment_status":"closed","ping_status":"closed","template":"","meta":[],"_links":{"self":[{"href":"https:\/\/shop.janzen-pfeifen.de\/en\/wp-json\/wp\/v2\/pages\/20481"}],"collection":[{"href":"https:\/\/shop.janzen-pfeifen.de\/en\/wp-json\/wp\/v2\/pages"}],"about":[{"href":"https:\/\/shop.janzen-pfeifen.de\/en\/wp-json\/wp\/v2\/types\/page"}],"author":[{"embeddable":true,"href":"https:\/\/shop.janzen-pfeifen.de\/en\/wp-json\/wp\/v2\/users\/6"}],"replies":[{"embeddable":true,"href":"https:\/\/shop.janzen-pfeifen.de\/en\/wp-json\/wp\/v2\/comments?post=20481"}],"version-history":[{"count":0,"href":"https:\/\/shop.janzen-pfeifen.de\/en\/wp-json\/wp\/v2\/pages\/20481\/revisions"}],"wp:attachment":[{"href":"https:\/\/shop.janzen-pfeifen.de\/en\/wp-json\/wp\/v2\/media?parent=20481"}],"curies":[{"name":"wp","href":"https:\/\/api.w.org\/{rel}","templated":true}]}}