{"id":1882,"date":"2019-10-05T15:11:48","date_gmt":"2019-10-05T13:11:48","guid":{"rendered":"https:\/\/janzen-pfeifen.de\/shop\/?page_id=1882"},"modified":"2021-12-07T20:15:21","modified_gmt":"2021-12-07T19:15:21","slug":"acryl-mundstuecke-variation-16-farben","status":"publish","type":"page","link":"https:\/\/shop.janzen-pfeifen.de\/en\/acryl-mundstuecke-variation-16-farben\/","title":{"rendered":"Acryl Mundst\u00fccke Variation 16 Farben"},"content":{"rendered":"<div id=\"pl-1882\"  class=\"panel-layout\" ><div id=\"pg-1882-0\"  class=\"panel-grid panel-no-style\" ><div id=\"pgc-1882-0-0\"  class=\"panel-grid-cell\" ><div id=\"panel-1882-0-0-0\" class=\"so-panel widget widget_sow-editor panel-first-child panel-last-child\" data-index=\"0\" ><div class=\"so-widget-sow-editor so-widget-sow-editor-base\">\n<div class=\"siteorigin-widget-tinymce textwidget\">\n\t<h3>This mouthpiece is available in the shown colors<\/h3>\n<\/div>\n<\/div><\/div><\/div><div id=\"pgc-1882-0-1\"  class=\"panel-grid-cell\" ><div id=\"panel-1882-0-1-0\" class=\"so-panel widget widget_sow-editor panel-first-child panel-last-child\" data-index=\"1\" ><div class=\"so-widget-sow-editor so-widget-sow-editor-base\">\n<div class=\"siteorigin-widget-tinymce textwidget\">\n\t<p style=\"padding-top:5px;\">Please choose the desired tenon code when ordering<\/p>\n<\/div>\n<\/div><\/div><\/div><\/div><div id=\"pg-1882-1\"  class=\"panel-grid panel-no-style\" ><div id=\"pgc-1882-1-0\"  class=\"panel-grid-cell\" ><div id=\"panel-1882-1-0-0\" class=\"so-panel widget widget_sow-image panel-first-child panel-last-child\" data-index=\"2\" ><div class=\"so-widget-sow-image so-widget-sow-image-default-ab294a5857f7-1882\">\n\n<div class=\"sow-image-container\">\n\t\t<img src=\"https:\/\/shop.janzen-pfeifen.de\/wp-content\/uploads\/2019\/Produkte_02_Stangen\/230-cumberland-300x300.jpg\" width=\"300\" height=\"300\" srcset=\"https:\/\/shop.janzen-pfeifen.de\/wp-content\/uploads\/2019\/Produkte_02_Stangen\/230-cumberland-300x300.jpg 300w, https:\/\/shop.janzen-pfeifen.de\/wp-content\/uploads\/2019\/Produkte_02_Stangen\/230-cumberland-247x247.jpg 247w, https:\/\/shop.janzen-pfeifen.de\/wp-content\/uploads\/2019\/Produkte_02_Stangen\/230-cumberland-100x100.jpg 100w, https:\/\/shop.janzen-pfeifen.de\/wp-content\/uploads\/2019\/Produkte_02_Stangen\/230-cumberland-510x510.jpg 510w, https:\/\/shop.janzen-pfeifen.de\/wp-content\/uploads\/2019\/Produkte_02_Stangen\/230-cumberland-150x150.jpg 150w, https:\/\/shop.janzen-pfeifen.de\/wp-content\/uploads\/2019\/Produkte_02_Stangen\/230-cumberland-768x768.jpg 768w, https:\/\/shop.janzen-pfeifen.de\/wp-content\/uploads\/2019\/Produkte_02_Stangen\/230-cumberland.jpg 940w\" sizes=\"(max-width: 300px) 100vw, 300px\" title=\"230 cumberland\" alt=\"\" loading=\"lazy\" \t\tclass=\"so-widget-image\"\/>\n\t<\/div>\n\n<h3 class=\"widget-title\">230 cumberland<\/h3><\/div><\/div><\/div><div id=\"pgc-1882-1-1\"  class=\"panel-grid-cell\" ><div id=\"panel-1882-1-1-0\" class=\"so-panel widget widget_sow-image panel-first-child panel-last-child\" data-index=\"3\" ><div class=\"so-widget-sow-image so-widget-sow-image-default-ab294a5857f7-1882\">\n\n<div class=\"sow-image-container\">\n\t\t<img src=\"https:\/\/shop.janzen-pfeifen.de\/wp-content\/uploads\/2019\/Produkte_02_Stangen\/232-orange-300x300.jpg\" width=\"300\" height=\"300\" srcset=\"https:\/\/shop.janzen-pfeifen.de\/wp-content\/uploads\/2019\/Produkte_02_Stangen\/232-orange-300x300.jpg 300w, https:\/\/shop.janzen-pfeifen.de\/wp-content\/uploads\/2019\/Produkte_02_Stangen\/232-orange-247x247.jpg 247w, https:\/\/shop.janzen-pfeifen.de\/wp-content\/uploads\/2019\/Produkte_02_Stangen\/232-orange-100x100.jpg 100w, https:\/\/shop.janzen-pfeifen.de\/wp-content\/uploads\/2019\/Produkte_02_Stangen\/232-orange-510x510.jpg 510w, https:\/\/shop.janzen-pfeifen.de\/wp-content\/uploads\/2019\/Produkte_02_Stangen\/232-orange-150x150.jpg 150w, https:\/\/shop.janzen-pfeifen.de\/wp-content\/uploads\/2019\/Produkte_02_Stangen\/232-orange-768x768.jpg 768w, https:\/\/shop.janzen-pfeifen.de\/wp-content\/uploads\/2019\/Produkte_02_Stangen\/232-orange.jpg 940w\" sizes=\"(max-width: 300px) 100vw, 300px\" title=\"232 orange\" alt=\"\" loading=\"lazy\" \t\tclass=\"so-widget-image\"\/>\n\t<\/div>\n\n<h3 class=\"widget-title\">232 orange<\/h3><\/div><\/div><\/div><div id=\"pgc-1882-1-2\"  class=\"panel-grid-cell\" ><div id=\"panel-1882-1-2-0\" class=\"so-panel widget widget_sow-image panel-first-child panel-last-child\" data-index=\"4\" ><div class=\"so-widget-sow-image so-widget-sow-image-default-ab294a5857f7-1882\">\n\n<div class=\"sow-image-container\">\n\t\t<img src=\"https:\/\/shop.janzen-pfeifen.de\/wp-content\/uploads\/2019\/Produkte_02_Stangen\/233-braun-300x300.jpg\" width=\"300\" height=\"300\" srcset=\"https:\/\/shop.janzen-pfeifen.de\/wp-content\/uploads\/2019\/Produkte_02_Stangen\/233-braun-300x300.jpg 300w, https:\/\/shop.janzen-pfeifen.de\/wp-content\/uploads\/2019\/Produkte_02_Stangen\/233-braun-247x247.jpg 247w, https:\/\/shop.janzen-pfeifen.de\/wp-content\/uploads\/2019\/Produkte_02_Stangen\/233-braun-100x100.jpg 100w, https:\/\/shop.janzen-pfeifen.de\/wp-content\/uploads\/2019\/Produkte_02_Stangen\/233-braun-510x510.jpg 510w, https:\/\/shop.janzen-pfeifen.de\/wp-content\/uploads\/2019\/Produkte_02_Stangen\/233-braun-150x150.jpg 150w, https:\/\/shop.janzen-pfeifen.de\/wp-content\/uploads\/2019\/Produkte_02_Stangen\/233-braun-768x768.jpg 768w, https:\/\/shop.janzen-pfeifen.de\/wp-content\/uploads\/2019\/Produkte_02_Stangen\/233-braun.jpg 940w\" sizes=\"(max-width: 300px) 100vw, 300px\" title=\"233 brown\" alt=\"\" loading=\"lazy\" \t\tclass=\"so-widget-image\"\/>\n\t<\/div>\n\n<h3 class=\"widget-title\">233 brown<\/h3><\/div><\/div><\/div><div id=\"pgc-1882-1-3\"  class=\"panel-grid-cell\" ><div id=\"panel-1882-1-3-0\" class=\"so-panel widget widget_sow-image panel-first-child panel-last-child\" data-index=\"5\" ><div class=\"so-widget-sow-image so-widget-sow-image-default-ab294a5857f7-1882\">\n\n<div class=\"sow-image-container\">\n\t\t<img src=\"https:\/\/shop.janzen-pfeifen.de\/wp-content\/uploads\/2019\/Produkte_02_Stangen\/234-perlmutt-300x300.jpg\" width=\"300\" height=\"300\" srcset=\"https:\/\/shop.janzen-pfeifen.de\/wp-content\/uploads\/2019\/Produkte_02_Stangen\/234-perlmutt-300x300.jpg 300w, https:\/\/shop.janzen-pfeifen.de\/wp-content\/uploads\/2019\/Produkte_02_Stangen\/234-perlmutt-247x247.jpg 247w, https:\/\/shop.janzen-pfeifen.de\/wp-content\/uploads\/2019\/Produkte_02_Stangen\/234-perlmutt-100x100.jpg 100w, https:\/\/shop.janzen-pfeifen.de\/wp-content\/uploads\/2019\/Produkte_02_Stangen\/234-perlmutt-510x510.jpg 510w, https:\/\/shop.janzen-pfeifen.de\/wp-content\/uploads\/2019\/Produkte_02_Stangen\/234-perlmutt-150x150.jpg 150w, https:\/\/shop.janzen-pfeifen.de\/wp-content\/uploads\/2019\/Produkte_02_Stangen\/234-perlmutt-768x768.jpg 768w, https:\/\/shop.janzen-pfeifen.de\/wp-content\/uploads\/2019\/Produkte_02_Stangen\/234-perlmutt.jpg 950w\" sizes=\"(max-width: 300px) 100vw, 300px\" title=\"234 mother of pearls\" alt=\"\" loading=\"lazy\" \t\tclass=\"so-widget-image\"\/>\n\t<\/div>\n\n<h3 class=\"widget-title\">234 mother of pearls<\/h3><\/div><\/div><\/div><div id=\"pgc-1882-1-4\"  class=\"panel-grid-cell\" ><div id=\"panel-1882-1-4-0\" class=\"so-panel widget widget_sow-image panel-first-child panel-last-child\" data-index=\"6\" ><div class=\"so-widget-sow-image so-widget-sow-image-default-ab294a5857f7-1882\">\n\n<div class=\"sow-image-container\">\n\t\t<img src=\"https:\/\/shop.janzen-pfeifen.de\/wp-content\/uploads\/2019\/Produkte_02_Stangen\/235-gelb-bernstein-300x300.jpg\" width=\"300\" height=\"300\" srcset=\"https:\/\/shop.janzen-pfeifen.de\/wp-content\/uploads\/2019\/Produkte_02_Stangen\/235-gelb-bernstein-300x300.jpg 300w, https:\/\/shop.janzen-pfeifen.de\/wp-content\/uploads\/2019\/Produkte_02_Stangen\/235-gelb-bernstein-247x247.jpg 247w, https:\/\/shop.janzen-pfeifen.de\/wp-content\/uploads\/2019\/Produkte_02_Stangen\/235-gelb-bernstein-100x100.jpg 100w, https:\/\/shop.janzen-pfeifen.de\/wp-content\/uploads\/2019\/Produkte_02_Stangen\/235-gelb-bernstein-510x510.jpg 510w, https:\/\/shop.janzen-pfeifen.de\/wp-content\/uploads\/2019\/Produkte_02_Stangen\/235-gelb-bernstein-150x150.jpg 150w, https:\/\/shop.janzen-pfeifen.de\/wp-content\/uploads\/2019\/Produkte_02_Stangen\/235-gelb-bernstein-768x768.jpg 768w, https:\/\/shop.janzen-pfeifen.de\/wp-content\/uploads\/2019\/Produkte_02_Stangen\/235-gelb-bernstein.jpg 962w\" sizes=\"(max-width: 300px) 100vw, 300px\" title=\"235 yellow amber\" alt=\"\" loading=\"lazy\" \t\tclass=\"so-widget-image\"\/>\n\t<\/div>\n\n<h3 class=\"widget-title\">235 yellow amber<\/h3><\/div><\/div><\/div><div id=\"pgc-1882-1-5\"  class=\"panel-grid-cell\" ><div id=\"panel-1882-1-5-0\" class=\"so-panel widget widget_sow-image panel-first-child panel-last-child\" data-index=\"7\" ><div class=\"so-widget-sow-image so-widget-sow-image-default-ab294a5857f7-1882\">\n\n<div class=\"sow-image-container\">\n\t\t<img src=\"https:\/\/shop.janzen-pfeifen.de\/wp-content\/uploads\/2019\/Produkte_02_Stangen\/236-braun-weiss-300x300.jpg\" width=\"300\" height=\"300\" srcset=\"https:\/\/shop.janzen-pfeifen.de\/wp-content\/uploads\/2019\/Produkte_02_Stangen\/236-braun-weiss-300x300.jpg 300w, https:\/\/shop.janzen-pfeifen.de\/wp-content\/uploads\/2019\/Produkte_02_Stangen\/236-braun-weiss-247x247.jpg 247w, https:\/\/shop.janzen-pfeifen.de\/wp-content\/uploads\/2019\/Produkte_02_Stangen\/236-braun-weiss-100x100.jpg 100w, https:\/\/shop.janzen-pfeifen.de\/wp-content\/uploads\/2019\/Produkte_02_Stangen\/236-braun-weiss-510x510.jpg 510w, https:\/\/shop.janzen-pfeifen.de\/wp-content\/uploads\/2019\/Produkte_02_Stangen\/236-braun-weiss-150x150.jpg 150w, https:\/\/shop.janzen-pfeifen.de\/wp-content\/uploads\/2019\/Produkte_02_Stangen\/236-braun-weiss-768x768.jpg 768w, https:\/\/shop.janzen-pfeifen.de\/wp-content\/uploads\/2019\/Produkte_02_Stangen\/236-braun-weiss.jpg 955w\" sizes=\"(max-width: 300px) 100vw, 300px\" title=\"236 brown-white\" alt=\"\" loading=\"lazy\" \t\tclass=\"so-widget-image\"\/>\n\t<\/div>\n\n<h3 class=\"widget-title\">236 brown-white<\/h3><\/div><\/div><\/div><\/div><div id=\"pg-1882-2\"  class=\"panel-grid panel-no-style\" ><div id=\"pgc-1882-2-0\"  class=\"panel-grid-cell\" ><div id=\"panel-1882-2-0-0\" class=\"so-panel widget widget_sow-image panel-first-child panel-last-child\" data-index=\"8\" ><div class=\"so-widget-sow-image so-widget-sow-image-default-ab294a5857f7-1882\">\n\n<div class=\"sow-image-container\">\n\t\t<img src=\"https:\/\/shop.janzen-pfeifen.de\/wp-content\/uploads\/2019\/Produkte_02_Stangen\/238-rot-300x300.jpg\" width=\"300\" height=\"300\" srcset=\"https:\/\/shop.janzen-pfeifen.de\/wp-content\/uploads\/2019\/Produkte_02_Stangen\/238-rot-300x300.jpg 300w, https:\/\/shop.janzen-pfeifen.de\/wp-content\/uploads\/2019\/Produkte_02_Stangen\/238-rot-247x247.jpg 247w, https:\/\/shop.janzen-pfeifen.de\/wp-content\/uploads\/2019\/Produkte_02_Stangen\/238-rot-100x100.jpg 100w, https:\/\/shop.janzen-pfeifen.de\/wp-content\/uploads\/2019\/Produkte_02_Stangen\/238-rot-510x510.jpg 510w, https:\/\/shop.janzen-pfeifen.de\/wp-content\/uploads\/2019\/Produkte_02_Stangen\/238-rot-150x150.jpg 150w, https:\/\/shop.janzen-pfeifen.de\/wp-content\/uploads\/2019\/Produkte_02_Stangen\/238-rot-768x768.jpg 768w, https:\/\/shop.janzen-pfeifen.de\/wp-content\/uploads\/2019\/Produkte_02_Stangen\/238-rot.jpg 940w\" sizes=\"(max-width: 300px) 100vw, 300px\" title=\"238 red\" alt=\"\" loading=\"lazy\" \t\tclass=\"so-widget-image\"\/>\n\t<\/div>\n\n<h3 class=\"widget-title\">238 red<\/h3><\/div><\/div><\/div><div id=\"pgc-1882-2-1\"  class=\"panel-grid-cell\" ><div id=\"panel-1882-2-1-0\" class=\"so-panel widget widget_sow-image panel-first-child panel-last-child\" data-index=\"9\" ><div class=\"so-widget-sow-image so-widget-sow-image-default-ab294a5857f7-1882\">\n\n<div class=\"sow-image-container\">\n\t\t<img src=\"https:\/\/shop.janzen-pfeifen.de\/wp-content\/uploads\/2019\/10\/240-Blau-300x300.jpg\" width=\"300\" height=\"300\" srcset=\"https:\/\/shop.janzen-pfeifen.de\/wp-content\/uploads\/2019\/10\/240-Blau-300x300.jpg 300w, https:\/\/shop.janzen-pfeifen.de\/wp-content\/uploads\/2019\/10\/240-Blau-247x247.jpg 247w, https:\/\/shop.janzen-pfeifen.de\/wp-content\/uploads\/2019\/10\/240-Blau-100x100.jpg 100w, https:\/\/shop.janzen-pfeifen.de\/wp-content\/uploads\/2019\/10\/240-Blau-510x510.jpg 510w, https:\/\/shop.janzen-pfeifen.de\/wp-content\/uploads\/2019\/10\/240-Blau-150x150.jpg 150w, https:\/\/shop.janzen-pfeifen.de\/wp-content\/uploads\/2019\/10\/240-Blau-768x768.jpg 768w, https:\/\/shop.janzen-pfeifen.de\/wp-content\/uploads\/2019\/10\/240-Blau.jpg 940w\" sizes=\"(max-width: 300px) 100vw, 300px\" title=\"240 blue\" alt=\"\" loading=\"lazy\" \t\tclass=\"so-widget-image\"\/>\n\t<\/div>\n\n<h3 class=\"widget-title\">240 blue<\/h3><\/div><\/div><\/div><div id=\"pgc-1882-2-2\"  class=\"panel-grid-cell\" ><div id=\"panel-1882-2-2-0\" class=\"so-panel widget widget_sow-image panel-first-child panel-last-child\" data-index=\"10\" ><div class=\"so-widget-sow-image so-widget-sow-image-default-ab294a5857f7-1882\">\n\n<div class=\"sow-image-container\">\n\t\t<img src=\"https:\/\/shop.janzen-pfeifen.de\/wp-content\/uploads\/2021\/12\/243-braun-bernstein-300x300.jpg\" width=\"300\" height=\"300\" srcset=\"https:\/\/shop.janzen-pfeifen.de\/wp-content\/uploads\/2021\/12\/243-braun-bernstein-300x300.jpg 300w, https:\/\/shop.janzen-pfeifen.de\/wp-content\/uploads\/2021\/12\/243-braun-bernstein-150x150.jpg 150w, https:\/\/shop.janzen-pfeifen.de\/wp-content\/uploads\/2021\/12\/243-braun-bernstein-768x768.jpg 768w, https:\/\/shop.janzen-pfeifen.de\/wp-content\/uploads\/2021\/12\/243-braun-bernstein-12x12.jpg 12w, https:\/\/shop.janzen-pfeifen.de\/wp-content\/uploads\/2021\/12\/243-braun-bernstein-247x247.jpg 247w, https:\/\/shop.janzen-pfeifen.de\/wp-content\/uploads\/2021\/12\/243-braun-bernstein-510x510.jpg 510w, https:\/\/shop.janzen-pfeifen.de\/wp-content\/uploads\/2021\/12\/243-braun-bernstein-100x100.jpg 100w, https:\/\/shop.janzen-pfeifen.de\/wp-content\/uploads\/2021\/12\/243-braun-bernstein.jpg 949w\" sizes=\"(max-width: 300px) 100vw, 300px\" title=\"243 brown-amber\" alt=\"\" loading=\"lazy\" \t\tclass=\"so-widget-image\"\/>\n\t<\/div>\n\n<h3 class=\"widget-title\">243 brown-amber<\/h3><\/div><\/div><\/div><div id=\"pgc-1882-2-3\"  class=\"panel-grid-cell\" ><div id=\"panel-1882-2-3-0\" class=\"so-panel widget widget_sow-image panel-first-child panel-last-child\" data-index=\"11\" ><div class=\"so-widget-sow-image so-widget-sow-image-default-ab294a5857f7-1882\">\n\n<div class=\"sow-image-container\">\n\t\t<img src=\"https:\/\/shop.janzen-pfeifen.de\/wp-content\/uploads\/2019\/Produkte_02_Stangen\/245-weiss-300x300.jpg\" width=\"300\" height=\"300\" srcset=\"https:\/\/shop.janzen-pfeifen.de\/wp-content\/uploads\/2019\/Produkte_02_Stangen\/245-weiss-300x300.jpg 300w, https:\/\/shop.janzen-pfeifen.de\/wp-content\/uploads\/2019\/Produkte_02_Stangen\/245-weiss-247x247.jpg 247w, https:\/\/shop.janzen-pfeifen.de\/wp-content\/uploads\/2019\/Produkte_02_Stangen\/245-weiss-100x100.jpg 100w, https:\/\/shop.janzen-pfeifen.de\/wp-content\/uploads\/2019\/Produkte_02_Stangen\/245-weiss-510x510.jpg 510w, https:\/\/shop.janzen-pfeifen.de\/wp-content\/uploads\/2019\/Produkte_02_Stangen\/245-weiss-150x150.jpg 150w, https:\/\/shop.janzen-pfeifen.de\/wp-content\/uploads\/2019\/Produkte_02_Stangen\/245-weiss-768x768.jpg 768w, https:\/\/shop.janzen-pfeifen.de\/wp-content\/uploads\/2019\/Produkte_02_Stangen\/245-weiss.jpg 940w\" sizes=\"(max-width: 300px) 100vw, 300px\" title=\"245 white\" alt=\"\" loading=\"lazy\" \t\tclass=\"so-widget-image\"\/>\n\t<\/div>\n\n<h3 class=\"widget-title\">245 white<\/h3><\/div><\/div><\/div><div id=\"pgc-1882-2-4\"  class=\"panel-grid-cell\" ><div id=\"panel-1882-2-4-0\" class=\"so-panel widget widget_sow-image panel-first-child panel-last-child\" data-index=\"12\" ><div class=\"so-widget-sow-image so-widget-sow-image-default-ab294a5857f7-1882\">\n\n<div class=\"sow-image-container\">\n\t\t<img src=\"https:\/\/shop.janzen-pfeifen.de\/wp-content\/uploads\/2019\/Produkte_02_Stangen\/248-elfenbein-300x300.jpg\" width=\"300\" height=\"300\" srcset=\"https:\/\/shop.janzen-pfeifen.de\/wp-content\/uploads\/2019\/Produkte_02_Stangen\/248-elfenbein-300x300.jpg 300w, https:\/\/shop.janzen-pfeifen.de\/wp-content\/uploads\/2019\/Produkte_02_Stangen\/248-elfenbein-247x247.jpg 247w, https:\/\/shop.janzen-pfeifen.de\/wp-content\/uploads\/2019\/Produkte_02_Stangen\/248-elfenbein-100x100.jpg 100w, https:\/\/shop.janzen-pfeifen.de\/wp-content\/uploads\/2019\/Produkte_02_Stangen\/248-elfenbein-510x510.jpg 510w, https:\/\/shop.janzen-pfeifen.de\/wp-content\/uploads\/2019\/Produkte_02_Stangen\/248-elfenbein-150x150.jpg 150w, https:\/\/shop.janzen-pfeifen.de\/wp-content\/uploads\/2019\/Produkte_02_Stangen\/248-elfenbein-768x768.jpg 768w, https:\/\/shop.janzen-pfeifen.de\/wp-content\/uploads\/2019\/Produkte_02_Stangen\/248-elfenbein.jpg 940w\" sizes=\"(max-width: 300px) 100vw, 300px\" title=\"248 ivory\" alt=\"\" loading=\"lazy\" \t\tclass=\"so-widget-image\"\/>\n\t<\/div>\n\n<h3 class=\"widget-title\">248 ivory<\/h3><\/div><\/div><\/div><div id=\"pgc-1882-2-5\"  class=\"panel-grid-cell\" ><div id=\"panel-1882-2-5-0\" class=\"so-panel widget widget_sow-image panel-first-child panel-last-child\" data-index=\"13\" ><div class=\"so-widget-sow-image so-widget-sow-image-default-ab294a5857f7-1882\">\n\n<div class=\"sow-image-container\">\n\t\t<img src=\"https:\/\/shop.janzen-pfeifen.de\/wp-content\/uploads\/2019\/Produkte_02_Stangen\/250-orange-schwarz-300x300.jpg\" width=\"300\" height=\"300\" srcset=\"https:\/\/shop.janzen-pfeifen.de\/wp-content\/uploads\/2019\/Produkte_02_Stangen\/250-orange-schwarz-300x300.jpg 300w, https:\/\/shop.janzen-pfeifen.de\/wp-content\/uploads\/2019\/Produkte_02_Stangen\/250-orange-schwarz-247x247.jpg 247w, https:\/\/shop.janzen-pfeifen.de\/wp-content\/uploads\/2019\/Produkte_02_Stangen\/250-orange-schwarz-100x100.jpg 100w, https:\/\/shop.janzen-pfeifen.de\/wp-content\/uploads\/2019\/Produkte_02_Stangen\/250-orange-schwarz-510x510.jpg 510w, https:\/\/shop.janzen-pfeifen.de\/wp-content\/uploads\/2019\/Produkte_02_Stangen\/250-orange-schwarz-150x150.jpg 150w, https:\/\/shop.janzen-pfeifen.de\/wp-content\/uploads\/2019\/Produkte_02_Stangen\/250-orange-schwarz-768x768.jpg 768w, https:\/\/shop.janzen-pfeifen.de\/wp-content\/uploads\/2019\/Produkte_02_Stangen\/250-orange-schwarz.jpg 949w\" sizes=\"(max-width: 300px) 100vw, 300px\" title=\"250 orange-black\" alt=\"\" loading=\"lazy\" \t\tclass=\"so-widget-image\"\/>\n\t<\/div>\n\n<h3 class=\"widget-title\">250 orange-black<\/h3><\/div><\/div><\/div><\/div><div id=\"pg-1882-3\"  class=\"panel-grid panel-no-style\" ><div id=\"pgc-1882-3-0\"  class=\"panel-grid-cell\" ><div id=\"panel-1882-3-0-0\" class=\"so-panel widget widget_sow-image panel-first-child panel-last-child\" data-index=\"14\" ><div class=\"so-widget-sow-image so-widget-sow-image-default-ab294a5857f7-1882\">\n\n<div class=\"sow-image-container\">\n\t\t<img src=\"https:\/\/shop.janzen-pfeifen.de\/wp-content\/uploads\/2019\/Produkte_02_Stangen\/252-jura-300x300.jpg\" width=\"300\" height=\"300\" srcset=\"https:\/\/shop.janzen-pfeifen.de\/wp-content\/uploads\/2019\/Produkte_02_Stangen\/252-jura-300x300.jpg 300w, https:\/\/shop.janzen-pfeifen.de\/wp-content\/uploads\/2019\/Produkte_02_Stangen\/252-jura-247x247.jpg 247w, https:\/\/shop.janzen-pfeifen.de\/wp-content\/uploads\/2019\/Produkte_02_Stangen\/252-jura-100x100.jpg 100w, https:\/\/shop.janzen-pfeifen.de\/wp-content\/uploads\/2019\/Produkte_02_Stangen\/252-jura-510x510.jpg 510w, https:\/\/shop.janzen-pfeifen.de\/wp-content\/uploads\/2019\/Produkte_02_Stangen\/252-jura-150x150.jpg 150w, https:\/\/shop.janzen-pfeifen.de\/wp-content\/uploads\/2019\/Produkte_02_Stangen\/252-jura-768x768.jpg 768w, https:\/\/shop.janzen-pfeifen.de\/wp-content\/uploads\/2019\/Produkte_02_Stangen\/252-jura.jpg 949w\" sizes=\"(max-width: 300px) 100vw, 300px\" title=\"252 jura\" alt=\"\" loading=\"lazy\" \t\tclass=\"so-widget-image\"\/>\n\t<\/div>\n\n<h3 class=\"widget-title\">252 jura<\/h3><\/div><\/div><\/div><div id=\"pgc-1882-3-1\"  class=\"panel-grid-cell\" ><div id=\"panel-1882-3-1-0\" class=\"so-panel widget widget_sow-image panel-first-child panel-last-child\" data-index=\"15\" ><div class=\"so-widget-sow-image so-widget-sow-image-default-ab294a5857f7-1882\">\n\n<div class=\"sow-image-container\">\n\t\t<img src=\"https:\/\/shop.janzen-pfeifen.de\/wp-content\/uploads\/2019\/Produkte_02_Stangen\/253-blau-creme-300x300.jpg\" width=\"300\" height=\"300\" srcset=\"https:\/\/shop.janzen-pfeifen.de\/wp-content\/uploads\/2019\/Produkte_02_Stangen\/253-blau-creme-300x300.jpg 300w, https:\/\/shop.janzen-pfeifen.de\/wp-content\/uploads\/2019\/Produkte_02_Stangen\/253-blau-creme-247x247.jpg 247w, https:\/\/shop.janzen-pfeifen.de\/wp-content\/uploads\/2019\/Produkte_02_Stangen\/253-blau-creme-100x100.jpg 100w, https:\/\/shop.janzen-pfeifen.de\/wp-content\/uploads\/2019\/Produkte_02_Stangen\/253-blau-creme-510x510.jpg 510w, https:\/\/shop.janzen-pfeifen.de\/wp-content\/uploads\/2019\/Produkte_02_Stangen\/253-blau-creme-150x150.jpg 150w, https:\/\/shop.janzen-pfeifen.de\/wp-content\/uploads\/2019\/Produkte_02_Stangen\/253-blau-creme-768x768.jpg 768w, https:\/\/shop.janzen-pfeifen.de\/wp-content\/uploads\/2019\/Produkte_02_Stangen\/253-blau-creme.jpg 949w\" sizes=\"(max-width: 300px) 100vw, 300px\" title=\"253 blue-cream\" alt=\"\" loading=\"lazy\" \t\tclass=\"so-widget-image\"\/>\n\t<\/div>\n\n<h3 class=\"widget-title\">253 blue-cream<\/h3><\/div><\/div><\/div><div id=\"pgc-1882-3-2\"  class=\"panel-grid-cell\" ><div id=\"panel-1882-3-2-0\" class=\"so-panel widget widget_sow-image panel-first-child panel-last-child\" data-index=\"16\" ><div class=\"so-widget-sow-image so-widget-sow-image-default-ab294a5857f7-1882\">\n\n<div class=\"sow-image-container\">\n\t\t<img src=\"https:\/\/shop.janzen-pfeifen.de\/wp-content\/uploads\/2019\/Produkte_02_Stangen\/254-gruen-creme-300x300.jpg\" width=\"300\" height=\"300\" srcset=\"https:\/\/shop.janzen-pfeifen.de\/wp-content\/uploads\/2019\/Produkte_02_Stangen\/254-gruen-creme-300x300.jpg 300w, https:\/\/shop.janzen-pfeifen.de\/wp-content\/uploads\/2019\/Produkte_02_Stangen\/254-gruen-creme-247x247.jpg 247w, https:\/\/shop.janzen-pfeifen.de\/wp-content\/uploads\/2019\/Produkte_02_Stangen\/254-gruen-creme-100x100.jpg 100w, https:\/\/shop.janzen-pfeifen.de\/wp-content\/uploads\/2019\/Produkte_02_Stangen\/254-gruen-creme-510x510.jpg 510w, https:\/\/shop.janzen-pfeifen.de\/wp-content\/uploads\/2019\/Produkte_02_Stangen\/254-gruen-creme-150x150.jpg 150w, https:\/\/shop.janzen-pfeifen.de\/wp-content\/uploads\/2019\/Produkte_02_Stangen\/254-gruen-creme-768x768.jpg 768w, https:\/\/shop.janzen-pfeifen.de\/wp-content\/uploads\/2019\/Produkte_02_Stangen\/254-gruen-creme.jpg 949w\" sizes=\"(max-width: 300px) 100vw, 300px\" title=\"254 green-cream\" alt=\"\" loading=\"lazy\" \t\tclass=\"so-widget-image\"\/>\n\t<\/div>\n\n<h3 class=\"widget-title\">254 green-cream<\/h3><\/div><\/div><\/div><div id=\"pgc-1882-3-3\"  class=\"panel-grid-cell\" ><div id=\"panel-1882-3-3-0\" class=\"so-panel widget widget_sow-image panel-first-child panel-last-child\" data-index=\"17\" ><div class=\"so-widget-sow-image so-widget-sow-image-default-ab294a5857f7-1882\">\n\n<div class=\"sow-image-container\">\n\t\t<img src=\"https:\/\/shop.janzen-pfeifen.de\/wp-content\/uploads\/2019\/Produkte_02_Stangen\/262-grau-300x300.jpg\" width=\"300\" height=\"300\" srcset=\"https:\/\/shop.janzen-pfeifen.de\/wp-content\/uploads\/2019\/Produkte_02_Stangen\/262-grau-300x300.jpg 300w, https:\/\/shop.janzen-pfeifen.de\/wp-content\/uploads\/2019\/Produkte_02_Stangen\/262-grau-247x247.jpg 247w, https:\/\/shop.janzen-pfeifen.de\/wp-content\/uploads\/2019\/Produkte_02_Stangen\/262-grau-100x100.jpg 100w, https:\/\/shop.janzen-pfeifen.de\/wp-content\/uploads\/2019\/Produkte_02_Stangen\/262-grau-510x510.jpg 510w, https:\/\/shop.janzen-pfeifen.de\/wp-content\/uploads\/2019\/Produkte_02_Stangen\/262-grau-150x150.jpg 150w, https:\/\/shop.janzen-pfeifen.de\/wp-content\/uploads\/2019\/Produkte_02_Stangen\/262-grau-768x768.jpg 768w, https:\/\/shop.janzen-pfeifen.de\/wp-content\/uploads\/2019\/Produkte_02_Stangen\/262-grau.jpg 962w\" sizes=\"(max-width: 300px) 100vw, 300px\" title=\"262 grey\" alt=\"\" loading=\"lazy\" \t\tclass=\"so-widget-image\"\/>\n\t<\/div>\n\n<h3 class=\"widget-title\">262 grey<\/h3><\/div><\/div><\/div><div id=\"pgc-1882-3-4\"  class=\"panel-grid-cell panel-grid-cell-empty panel-grid-cell-mobile-last\" ><\/div><div id=\"pgc-1882-3-5\"  class=\"panel-grid-cell panel-grid-cell-empty\" ><\/div><\/div><div id=\"pg-1882-4\"  class=\"panel-grid panel-no-style\" ><div id=\"pgc-1882-4-0\"  class=\"panel-grid-cell panel-grid-cell-empty\" ><\/div><div id=\"pgc-1882-4-1\"  class=\"panel-grid-cell panel-grid-cell-empty\" ><\/div><div id=\"pgc-1882-4-2\"  class=\"panel-grid-cell panel-grid-cell-empty\" ><\/div><div id=\"pgc-1882-4-3\"  class=\"panel-grid-cell panel-grid-cell-empty\" ><\/div><div id=\"pgc-1882-4-4\"  class=\"panel-grid-cell panel-grid-cell-empty panel-grid-cell-mobile-last\" ><\/div><div id=\"pgc-1882-4-5\"  class=\"panel-grid-cell panel-grid-cell-empty\" ><\/div><\/div><\/div>","protected":false},"excerpt":{"rendered":"<p>Dieses Mundst\u00fcck ist in den abgebildeten Farben lieferbar Bitte w\u00e4hlen Sie bei der Bestellung oben den gew\u00fcnschte Farbcode.<\/p>","protected":false},"author":421,"featured_media":0,"parent":0,"menu_order":0,"comment_status":"closed","ping_status":"closed","template":"","meta":[],"_links":{"self":[{"href":"https:\/\/shop.janzen-pfeifen.de\/en\/wp-json\/wp\/v2\/pages\/1882"}],"collection":[{"href":"https:\/\/shop.janzen-pfeifen.de\/en\/wp-json\/wp\/v2\/pages"}],"about":[{"href":"https:\/\/shop.janzen-pfeifen.de\/en\/wp-json\/wp\/v2\/types\/page"}],"author":[{"embeddable":true,"href":"https:\/\/shop.janzen-pfeifen.de\/en\/wp-json\/wp\/v2\/users\/421"}],"replies":[{"embeddable":true,"href":"https:\/\/shop.janzen-pfeifen.de\/en\/wp-json\/wp\/v2\/comments?post=1882"}],"version-history":[{"count":0,"href":"https:\/\/shop.janzen-pfeifen.de\/en\/wp-json\/wp\/v2\/pages\/1882\/revisions"}],"wp:attachment":[{"href":"https:\/\/shop.janzen-pfeifen.de\/en\/wp-json\/wp\/v2\/media?parent=1882"}],"curies":[{"name":"wp","href":"https:\/\/api.w.org\/{rel}","templated":true}]}}