{"id":16854,"date":"2021-12-07T20:22:44","date_gmt":"2021-12-07T19:22:44","guid":{"rendered":"https:\/\/shop.janzen-pfeifen.de\/?page_id=16854"},"modified":"2021-12-07T21:01:15","modified_gmt":"2021-12-07T20:01:15","slug":"acryl-mundstuecke-variation-8-farben-2","status":"publish","type":"page","link":"https:\/\/shop.janzen-pfeifen.de\/en\/acryl-mundstuecke-variation-8-farben-2\/","title":{"rendered":"Acryl Mundst\u00fccke Variation 8 Farben"},"content":{"rendered":"<div id=\"pl-16854\"  class=\"panel-layout\" ><div id=\"pg-16854-0\"  class=\"panel-grid panel-no-style\" ><div id=\"pgc-16854-0-0\"  class=\"panel-grid-cell\" ><div id=\"panel-16854-0-0-0\" class=\"so-panel widget widget_sow-editor panel-first-child panel-last-child\" data-index=\"0\" ><div class=\"so-widget-sow-editor so-widget-sow-editor-base\">\n<div class=\"siteorigin-widget-tinymce textwidget\">\n\t<h3>This mouthpiece is available in the shown colors<\/h3>\n<\/div>\n<\/div><\/div><\/div><div id=\"pgc-16854-0-1\"  class=\"panel-grid-cell\" ><div id=\"panel-16854-0-1-0\" class=\"so-panel widget widget_sow-editor panel-first-child panel-last-child\" data-index=\"1\" ><div class=\"so-widget-sow-editor so-widget-sow-editor-base\">\n<div class=\"siteorigin-widget-tinymce textwidget\">\n\t<p style=\"padding-top:5px;\">Please choose the desired tenon code when ordering<\/p>\n<\/div>\n<\/div><\/div><\/div><\/div><div id=\"pg-16854-1\"  class=\"panel-grid panel-no-style\" ><div id=\"pgc-16854-1-0\"  class=\"panel-grid-cell\" ><div id=\"panel-16854-1-0-0\" class=\"so-panel widget widget_sow-image panel-first-child panel-last-child\" data-index=\"2\" ><div class=\"so-widget-sow-image so-widget-sow-image-default-ab294a5857f7-16854\">\n\n<div class=\"sow-image-container\">\n\t\t<img src=\"https:\/\/shop.janzen-pfeifen.de\/wp-content\/uploads\/2019\/Produkte_02_Stangen\/230-cumberland-300x300.jpg\" width=\"300\" height=\"300\" srcset=\"https:\/\/shop.janzen-pfeifen.de\/wp-content\/uploads\/2019\/Produkte_02_Stangen\/230-cumberland-300x300.jpg 300w, https:\/\/shop.janzen-pfeifen.de\/wp-content\/uploads\/2019\/Produkte_02_Stangen\/230-cumberland-247x247.jpg 247w, https:\/\/shop.janzen-pfeifen.de\/wp-content\/uploads\/2019\/Produkte_02_Stangen\/230-cumberland-100x100.jpg 100w, https:\/\/shop.janzen-pfeifen.de\/wp-content\/uploads\/2019\/Produkte_02_Stangen\/230-cumberland-510x510.jpg 510w, https:\/\/shop.janzen-pfeifen.de\/wp-content\/uploads\/2019\/Produkte_02_Stangen\/230-cumberland-150x150.jpg 150w, https:\/\/shop.janzen-pfeifen.de\/wp-content\/uploads\/2019\/Produkte_02_Stangen\/230-cumberland-768x768.jpg 768w, https:\/\/shop.janzen-pfeifen.de\/wp-content\/uploads\/2019\/Produkte_02_Stangen\/230-cumberland.jpg 940w\" sizes=\"(max-width: 300px) 100vw, 300px\" title=\"230 cumberland\" alt=\"\" loading=\"lazy\" \t\tclass=\"so-widget-image\"\/>\n\t<\/div>\n\n<h3 class=\"widget-title\">230 cumberland<\/h3><\/div><\/div><\/div><div id=\"pgc-16854-1-1\"  class=\"panel-grid-cell\" ><div id=\"panel-16854-1-1-0\" class=\"so-panel widget widget_sow-image panel-first-child panel-last-child\" data-index=\"3\" ><div class=\"so-widget-sow-image so-widget-sow-image-default-ab294a5857f7-16854\">\n\n<div class=\"sow-image-container\">\n\t\t<img src=\"https:\/\/shop.janzen-pfeifen.de\/wp-content\/uploads\/2019\/Produkte_02_Stangen\/235-gelb-bernstein-300x300.jpg\" width=\"300\" height=\"300\" srcset=\"https:\/\/shop.janzen-pfeifen.de\/wp-content\/uploads\/2019\/Produkte_02_Stangen\/235-gelb-bernstein-300x300.jpg 300w, https:\/\/shop.janzen-pfeifen.de\/wp-content\/uploads\/2019\/Produkte_02_Stangen\/235-gelb-bernstein-247x247.jpg 247w, https:\/\/shop.janzen-pfeifen.de\/wp-content\/uploads\/2019\/Produkte_02_Stangen\/235-gelb-bernstein-100x100.jpg 100w, https:\/\/shop.janzen-pfeifen.de\/wp-content\/uploads\/2019\/Produkte_02_Stangen\/235-gelb-bernstein-510x510.jpg 510w, https:\/\/shop.janzen-pfeifen.de\/wp-content\/uploads\/2019\/Produkte_02_Stangen\/235-gelb-bernstein-150x150.jpg 150w, https:\/\/shop.janzen-pfeifen.de\/wp-content\/uploads\/2019\/Produkte_02_Stangen\/235-gelb-bernstein-768x768.jpg 768w, https:\/\/shop.janzen-pfeifen.de\/wp-content\/uploads\/2019\/Produkte_02_Stangen\/235-gelb-bernstein.jpg 962w\" sizes=\"(max-width: 300px) 100vw, 300px\" title=\"235 yellow amber\" alt=\"\" loading=\"lazy\" \t\tclass=\"so-widget-image\"\/>\n\t<\/div>\n\n<h3 class=\"widget-title\">235 yellow amber<\/h3><\/div><\/div><\/div><div id=\"pgc-16854-1-2\"  class=\"panel-grid-cell\" ><div id=\"panel-16854-1-2-0\" class=\"so-panel widget widget_sow-image panel-first-child panel-last-child\" data-index=\"4\" ><div class=\"so-widget-sow-image so-widget-sow-image-default-ab294a5857f7-16854\">\n\n<div class=\"sow-image-container\">\n\t\t<img src=\"https:\/\/shop.janzen-pfeifen.de\/wp-content\/uploads\/2019\/Produkte_02_Stangen\/236-braun-weiss-300x300.jpg\" width=\"300\" height=\"300\" srcset=\"https:\/\/shop.janzen-pfeifen.de\/wp-content\/uploads\/2019\/Produkte_02_Stangen\/236-braun-weiss-300x300.jpg 300w, https:\/\/shop.janzen-pfeifen.de\/wp-content\/uploads\/2019\/Produkte_02_Stangen\/236-braun-weiss-247x247.jpg 247w, https:\/\/shop.janzen-pfeifen.de\/wp-content\/uploads\/2019\/Produkte_02_Stangen\/236-braun-weiss-100x100.jpg 100w, https:\/\/shop.janzen-pfeifen.de\/wp-content\/uploads\/2019\/Produkte_02_Stangen\/236-braun-weiss-510x510.jpg 510w, https:\/\/shop.janzen-pfeifen.de\/wp-content\/uploads\/2019\/Produkte_02_Stangen\/236-braun-weiss-150x150.jpg 150w, https:\/\/shop.janzen-pfeifen.de\/wp-content\/uploads\/2019\/Produkte_02_Stangen\/236-braun-weiss-768x768.jpg 768w, https:\/\/shop.janzen-pfeifen.de\/wp-content\/uploads\/2019\/Produkte_02_Stangen\/236-braun-weiss.jpg 955w\" sizes=\"(max-width: 300px) 100vw, 300px\" title=\"236 brown-white\" alt=\"\" loading=\"lazy\" \t\tclass=\"so-widget-image\"\/>\n\t<\/div>\n\n<h3 class=\"widget-title\">236 brown-white<\/h3><\/div><\/div><\/div><div id=\"pgc-16854-1-3\"  class=\"panel-grid-cell\" ><div id=\"panel-16854-1-3-0\" class=\"so-panel widget widget_sow-image panel-first-child panel-last-child\" data-index=\"5\" ><div class=\"so-widget-sow-image so-widget-sow-image-default-ab294a5857f7-16854\">\n\n<div class=\"sow-image-container\">\n\t\t<img src=\"https:\/\/shop.janzen-pfeifen.de\/wp-content\/uploads\/2021\/12\/243-braun-bernstein-300x300.jpg\" width=\"300\" height=\"300\" srcset=\"https:\/\/shop.janzen-pfeifen.de\/wp-content\/uploads\/2021\/12\/243-braun-bernstein-300x300.jpg 300w, https:\/\/shop.janzen-pfeifen.de\/wp-content\/uploads\/2021\/12\/243-braun-bernstein-150x150.jpg 150w, https:\/\/shop.janzen-pfeifen.de\/wp-content\/uploads\/2021\/12\/243-braun-bernstein-768x768.jpg 768w, https:\/\/shop.janzen-pfeifen.de\/wp-content\/uploads\/2021\/12\/243-braun-bernstein-12x12.jpg 12w, https:\/\/shop.janzen-pfeifen.de\/wp-content\/uploads\/2021\/12\/243-braun-bernstein-247x247.jpg 247w, https:\/\/shop.janzen-pfeifen.de\/wp-content\/uploads\/2021\/12\/243-braun-bernstein-510x510.jpg 510w, https:\/\/shop.janzen-pfeifen.de\/wp-content\/uploads\/2021\/12\/243-braun-bernstein-100x100.jpg 100w, https:\/\/shop.janzen-pfeifen.de\/wp-content\/uploads\/2021\/12\/243-braun-bernstein.jpg 949w\" sizes=\"(max-width: 300px) 100vw, 300px\" title=\"243 brown-amber\" alt=\"\" loading=\"lazy\" \t\tclass=\"so-widget-image\"\/>\n\t<\/div>\n\n<h3 class=\"widget-title\">243 brown-amber<\/h3><\/div><\/div><\/div><div id=\"pgc-16854-1-4\"  class=\"panel-grid-cell\" ><div id=\"panel-16854-1-4-0\" class=\"so-panel widget widget_sow-image panel-first-child panel-last-child\" data-index=\"6\" ><div class=\"so-widget-sow-image so-widget-sow-image-default-ab294a5857f7-16854\">\n\n<div class=\"sow-image-container\">\n\t\t<img src=\"https:\/\/shop.janzen-pfeifen.de\/wp-content\/uploads\/2019\/Produkte_02_Stangen\/253-blau-creme-300x300.jpg\" width=\"300\" height=\"300\" srcset=\"https:\/\/shop.janzen-pfeifen.de\/wp-content\/uploads\/2019\/Produkte_02_Stangen\/253-blau-creme-300x300.jpg 300w, https:\/\/shop.janzen-pfeifen.de\/wp-content\/uploads\/2019\/Produkte_02_Stangen\/253-blau-creme-247x247.jpg 247w, https:\/\/shop.janzen-pfeifen.de\/wp-content\/uploads\/2019\/Produkte_02_Stangen\/253-blau-creme-100x100.jpg 100w, https:\/\/shop.janzen-pfeifen.de\/wp-content\/uploads\/2019\/Produkte_02_Stangen\/253-blau-creme-510x510.jpg 510w, https:\/\/shop.janzen-pfeifen.de\/wp-content\/uploads\/2019\/Produkte_02_Stangen\/253-blau-creme-150x150.jpg 150w, https:\/\/shop.janzen-pfeifen.de\/wp-content\/uploads\/2019\/Produkte_02_Stangen\/253-blau-creme-768x768.jpg 768w, https:\/\/shop.janzen-pfeifen.de\/wp-content\/uploads\/2019\/Produkte_02_Stangen\/253-blau-creme.jpg 949w\" sizes=\"(max-width: 300px) 100vw, 300px\" title=\"253 blue-cream\" alt=\"\" loading=\"lazy\" \t\tclass=\"so-widget-image\"\/>\n\t<\/div>\n\n<h3 class=\"widget-title\">253 blue-cream<\/h3><\/div><\/div><\/div><div id=\"pgc-16854-1-5\"  class=\"panel-grid-cell\" ><div id=\"panel-16854-1-5-0\" class=\"so-panel widget widget_sow-image panel-first-child panel-last-child\" data-index=\"7\" ><div class=\"so-widget-sow-image so-widget-sow-image-default-ab294a5857f7-16854\">\n\n<div class=\"sow-image-container\">\n\t\t<img src=\"https:\/\/shop.janzen-pfeifen.de\/wp-content\/uploads\/2021\/12\/263-gruen-1-300x300.jpg\" width=\"300\" height=\"300\" srcset=\"https:\/\/shop.janzen-pfeifen.de\/wp-content\/uploads\/2021\/12\/263-gruen-1-300x300.jpg 300w, https:\/\/shop.janzen-pfeifen.de\/wp-content\/uploads\/2021\/12\/263-gruen-1-150x150.jpg 150w, https:\/\/shop.janzen-pfeifen.de\/wp-content\/uploads\/2021\/12\/263-gruen-1-768x768.jpg 768w, https:\/\/shop.janzen-pfeifen.de\/wp-content\/uploads\/2021\/12\/263-gruen-1-12x12.jpg 12w, https:\/\/shop.janzen-pfeifen.de\/wp-content\/uploads\/2021\/12\/263-gruen-1-247x247.jpg 247w, https:\/\/shop.janzen-pfeifen.de\/wp-content\/uploads\/2021\/12\/263-gruen-1-510x510.jpg 510w, https:\/\/shop.janzen-pfeifen.de\/wp-content\/uploads\/2021\/12\/263-gruen-1-100x100.jpg 100w, https:\/\/shop.janzen-pfeifen.de\/wp-content\/uploads\/2021\/12\/263-gruen-1.jpg 949w\" sizes=\"(max-width: 300px) 100vw, 300px\" title=\"254 green-cream\" alt=\"\" loading=\"lazy\" \t\tclass=\"so-widget-image\"\/>\n\t<\/div>\n\n<h3 class=\"widget-title\">254 green-cream<\/h3><\/div><\/div><\/div><\/div><div id=\"pg-16854-2\"  class=\"panel-grid panel-no-style\" ><div id=\"pgc-16854-2-0\"  class=\"panel-grid-cell\" ><div id=\"panel-16854-2-0-0\" class=\"so-panel widget widget_sow-image panel-first-child panel-last-child\" data-index=\"8\" ><div class=\"so-widget-sow-image so-widget-sow-image-default-ab294a5857f7-16854\">\n\n<div class=\"sow-image-container\">\n\t\t<img src=\"https:\/\/shop.janzen-pfeifen.de\/wp-content\/uploads\/2019\/Produkte_02_Stangen\/256-jade-300x300.jpg\" width=\"300\" height=\"300\" srcset=\"https:\/\/shop.janzen-pfeifen.de\/wp-content\/uploads\/2019\/Produkte_02_Stangen\/256-jade-300x300.jpg 300w, https:\/\/shop.janzen-pfeifen.de\/wp-content\/uploads\/2019\/Produkte_02_Stangen\/256-jade-247x247.jpg 247w, https:\/\/shop.janzen-pfeifen.de\/wp-content\/uploads\/2019\/Produkte_02_Stangen\/256-jade-100x100.jpg 100w, https:\/\/shop.janzen-pfeifen.de\/wp-content\/uploads\/2019\/Produkte_02_Stangen\/256-jade-510x510.jpg 510w, https:\/\/shop.janzen-pfeifen.de\/wp-content\/uploads\/2019\/Produkte_02_Stangen\/256-jade-150x150.jpg 150w, https:\/\/shop.janzen-pfeifen.de\/wp-content\/uploads\/2019\/Produkte_02_Stangen\/256-jade-768x768.jpg 768w, https:\/\/shop.janzen-pfeifen.de\/wp-content\/uploads\/2019\/Produkte_02_Stangen\/256-jade.jpg 962w\" sizes=\"(max-width: 300px) 100vw, 300px\" title=\"256 jade\" alt=\"\" loading=\"lazy\" \t\tclass=\"so-widget-image\"\/>\n\t<\/div>\n\n<h3 class=\"widget-title\">256 jade<\/h3><\/div><\/div><\/div><div id=\"pgc-16854-2-1\"  class=\"panel-grid-cell\" ><div id=\"panel-16854-2-1-0\" class=\"so-panel widget widget_sow-image panel-first-child panel-last-child\" data-index=\"9\" ><div class=\"so-widget-sow-image so-widget-sow-image-default-ab294a5857f7-16854\">\n\n<div class=\"sow-image-container\">\n\t\t<img src=\"https:\/\/shop.janzen-pfeifen.de\/wp-content\/uploads\/2019\/Produkte_02_Stangen\/257-dunkelgrau.jpg\" width=\"962\" height=\"962\" srcset=\"https:\/\/shop.janzen-pfeifen.de\/wp-content\/uploads\/2019\/Produkte_02_Stangen\/257-dunkelgrau.jpg 962w, https:\/\/shop.janzen-pfeifen.de\/wp-content\/uploads\/2019\/Produkte_02_Stangen\/257-dunkelgrau-247x247.jpg 247w, https:\/\/shop.janzen-pfeifen.de\/wp-content\/uploads\/2019\/Produkte_02_Stangen\/257-dunkelgrau-100x100.jpg 100w, https:\/\/shop.janzen-pfeifen.de\/wp-content\/uploads\/2019\/Produkte_02_Stangen\/257-dunkelgrau-510x510.jpg 510w, https:\/\/shop.janzen-pfeifen.de\/wp-content\/uploads\/2019\/Produkte_02_Stangen\/257-dunkelgrau-150x150.jpg 150w, https:\/\/shop.janzen-pfeifen.de\/wp-content\/uploads\/2019\/Produkte_02_Stangen\/257-dunkelgrau-300x300.jpg 300w, https:\/\/shop.janzen-pfeifen.de\/wp-content\/uploads\/2019\/Produkte_02_Stangen\/257-dunkelgrau-768x768.jpg 768w\" sizes=\"(max-width: 962px) 100vw, 962px\" title=\"257 dark grey\" alt=\"\" loading=\"lazy\" \t\tclass=\"so-widget-image\"\/>\n\t<\/div>\n\n<h3 class=\"widget-title\">257 dark grey<\/h3><\/div><\/div><\/div><div id=\"pgc-16854-2-2\"  class=\"panel-grid-cell panel-grid-cell-empty\" ><\/div><div id=\"pgc-16854-2-3\"  class=\"panel-grid-cell panel-grid-cell-empty\" ><\/div><div id=\"pgc-16854-2-4\"  class=\"panel-grid-cell panel-grid-cell-empty panel-grid-cell-mobile-last\" ><\/div><div id=\"pgc-16854-2-5\"  class=\"panel-grid-cell panel-grid-cell-empty\" ><\/div><\/div><\/div>","protected":false},"excerpt":{"rendered":"<p>Dieses Mundst\u00fcck ist in den abgebildeten Farben lieferbar Bitte w\u00e4hlen Sie bei der Bestellung oben den gew\u00fcnschte Farbcode.<\/p>","protected":false},"author":6,"featured_media":0,"parent":0,"menu_order":0,"comment_status":"closed","ping_status":"closed","template":"","meta":[],"_links":{"self":[{"href":"https:\/\/shop.janzen-pfeifen.de\/en\/wp-json\/wp\/v2\/pages\/16854"}],"collection":[{"href":"https:\/\/shop.janzen-pfeifen.de\/en\/wp-json\/wp\/v2\/pages"}],"about":[{"href":"https:\/\/shop.janzen-pfeifen.de\/en\/wp-json\/wp\/v2\/types\/page"}],"author":[{"embeddable":true,"href":"https:\/\/shop.janzen-pfeifen.de\/en\/wp-json\/wp\/v2\/users\/6"}],"replies":[{"embeddable":true,"href":"https:\/\/shop.janzen-pfeifen.de\/en\/wp-json\/wp\/v2\/comments?post=16854"}],"version-history":[{"count":0,"href":"https:\/\/shop.janzen-pfeifen.de\/en\/wp-json\/wp\/v2\/pages\/16854\/revisions"}],"wp:attachment":[{"href":"https:\/\/shop.janzen-pfeifen.de\/en\/wp-json\/wp\/v2\/media?parent=16854"}],"curies":[{"name":"wp","href":"https:\/\/api.w.org\/{rel}","templated":true}]}}