{"id":10971,"date":"2019-10-08T13:50:33","date_gmt":"2019-10-08T11:50:33","guid":{"rendered":"https:\/\/janzen-pfeifen.de\/shop\/acryl-mundstuecke-zapfen-5-6-7-8\/"},"modified":"2020-06-22T13:29:00","modified_gmt":"2020-06-22T11:29:00","slug":"acrylic-mouthpieces-tenon-5-6-7-8","status":"publish","type":"page","link":"https:\/\/shop.janzen-pfeifen.de\/en\/acrylic-mouthpieces-tenon-5-6-7-8\/","title":{"rendered":"Acrylic mouthpieces tenon 5-6-7-8"},"content":{"rendered":"<div id=\"pl-10971\"  class=\"panel-layout\" ><div id=\"pg-10971-0\"  class=\"panel-grid panel-no-style\" ><div id=\"pgc-10971-0-0\"  class=\"panel-grid-cell\" ><div id=\"panel-10971-0-0-0\" class=\"so-panel widget widget_sow-editor panel-first-child panel-last-child\" data-index=\"0\" ><div class=\"so-widget-sow-editor so-widget-sow-editor-base\">\n<div class=\"siteorigin-widget-tinymce textwidget\">\n\t<h3>Selection of the tenon<\/h3>\n<\/div>\n<\/div><\/div><\/div><div id=\"pgc-10971-0-1\"  class=\"panel-grid-cell\" ><div id=\"panel-10971-0-1-0\" class=\"so-panel widget widget_sow-editor panel-first-child panel-last-child\" data-index=\"1\" ><div class=\"so-widget-sow-editor so-widget-sow-editor-base\">\n<div class=\"siteorigin-widget-tinymce textwidget\">\n\t<p>Please choose the desired tenon code when ordering.<\/p>\n<\/div>\n<\/div><\/div><\/div><\/div><div id=\"pg-10971-1\"  class=\"panel-grid panel-no-style\" ><div id=\"pgc-10971-1-0\"  class=\"panel-grid-cell\" ><div id=\"panel-10971-1-0-0\" class=\"so-panel widget widget_sow-image panel-first-child\" data-index=\"2\" ><div class=\"so-widget-sow-image so-widget-sow-image-default-ab294a5857f7-10971\">\n\n<div class=\"sow-image-container\">\n\t\t<img src=\"https:\/\/shop.janzen-pfeifen.de\/wp-content\/uploads\/2019\/Produkte_01_Variation-Zapfen\/Z-005-300x212.jpg\" width=\"300\" height=\"212\" srcset=\"https:\/\/shop.janzen-pfeifen.de\/wp-content\/uploads\/2019\/Produkte_01_Variation-Zapfen\/Z-005-300x212.jpg 300w, https:\/\/shop.janzen-pfeifen.de\/wp-content\/uploads\/2019\/Produkte_01_Variation-Zapfen\/Z-005-247x175.jpg 247w, https:\/\/shop.janzen-pfeifen.de\/wp-content\/uploads\/2019\/Produkte_01_Variation-Zapfen\/Z-005-510x360.jpg 510w, https:\/\/shop.janzen-pfeifen.de\/wp-content\/uploads\/2019\/Produkte_01_Variation-Zapfen\/Z-005.jpg 750w\" sizes=\"(max-width: 300px) 100vw, 300px\" alt=\"\" loading=\"lazy\" \t\tclass=\"so-widget-image\"\/>\n\t<\/div>\n\n<\/div><\/div><div id=\"panel-10971-1-0-1\" class=\"so-panel widget widget_sow-editor panel-last-child\" data-index=\"3\" ><div class=\"so-widget-sow-editor so-widget-sow-editor-base\">\n<div class=\"siteorigin-widget-tinymce textwidget\">\n\t<p><strong>005<\/strong><\/p>\n<table>\n<tbody>\n<tr>\n<td>tenon \u00d8<\/td>\n<td>7,0 mm<\/td>\n<\/tr>\n<tr>\n<td>knurling \u00d8<\/td>\n<td>7,2 mm<\/td>\n<\/tr>\n<tr>\n<td>total length<\/td>\n<td>25 mm<\/td>\n<\/tr>\n<tr>\n<td>drilling<\/td>\n<td>3,5 mm<\/td>\n<\/tr>\n<\/tbody>\n<\/table>\n<\/div>\n<\/div><\/div><\/div><div id=\"pgc-10971-1-1\"  class=\"panel-grid-cell\" ><div id=\"panel-10971-1-1-0\" class=\"so-panel widget widget_sow-image panel-first-child\" data-index=\"4\" ><div class=\"so-widget-sow-image so-widget-sow-image-default-ab294a5857f7-10971\">\n\n<div class=\"sow-image-container\">\n\t\t<img src=\"https:\/\/shop.janzen-pfeifen.de\/wp-content\/uploads\/2019\/Produkte_01_Variation-Zapfen\/Z-006-300x212.jpg\" width=\"300\" height=\"212\" srcset=\"https:\/\/shop.janzen-pfeifen.de\/wp-content\/uploads\/2019\/Produkte_01_Variation-Zapfen\/Z-006-300x212.jpg 300w, https:\/\/shop.janzen-pfeifen.de\/wp-content\/uploads\/2019\/Produkte_01_Variation-Zapfen\/Z-006-247x175.jpg 247w, https:\/\/shop.janzen-pfeifen.de\/wp-content\/uploads\/2019\/Produkte_01_Variation-Zapfen\/Z-006-510x360.jpg 510w, https:\/\/shop.janzen-pfeifen.de\/wp-content\/uploads\/2019\/Produkte_01_Variation-Zapfen\/Z-006.jpg 750w\" sizes=\"(max-width: 300px) 100vw, 300px\" alt=\"\" loading=\"lazy\" \t\tclass=\"so-widget-image\"\/>\n\t<\/div>\n\n<\/div><\/div><div id=\"panel-10971-1-1-1\" class=\"so-panel widget widget_sow-editor panel-last-child\" data-index=\"5\" ><div class=\"so-widget-sow-editor so-widget-sow-editor-base\">\n<div class=\"siteorigin-widget-tinymce textwidget\">\n\t<p><strong>006<\/strong><\/p>\n<table>\n<tbody>\n<tr>\n<td>tenon \u00d8<\/td>\n<td>6,0 mm<\/td>\n<\/tr>\n<tr>\n<td>knurling \u00d8<\/td>\n<td>7,2 mm<\/td>\n<\/tr>\n<tr>\n<td>total length<\/td>\n<td>25 mm<\/td>\n<\/tr>\n<tr>\n<td>drilling<\/td>\n<td>3,5 mm<\/td>\n<\/tr>\n<\/tbody>\n<\/table>\n<\/div>\n<\/div><\/div><\/div><div id=\"pgc-10971-1-2\"  class=\"panel-grid-cell\" ><div id=\"panel-10971-1-2-0\" class=\"so-panel widget widget_sow-image panel-first-child\" data-index=\"6\" ><div class=\"so-widget-sow-image so-widget-sow-image-default-ab294a5857f7-10971\">\n\n<div class=\"sow-image-container\">\n\t\t<img src=\"https:\/\/shop.janzen-pfeifen.de\/wp-content\/uploads\/2019\/Produkte_01_Variation-Zapfen\/Z-007-300x212.jpg\" width=\"300\" height=\"212\" srcset=\"https:\/\/shop.janzen-pfeifen.de\/wp-content\/uploads\/2019\/Produkte_01_Variation-Zapfen\/Z-007-300x212.jpg 300w, https:\/\/shop.janzen-pfeifen.de\/wp-content\/uploads\/2019\/Produkte_01_Variation-Zapfen\/Z-007-247x175.jpg 247w, https:\/\/shop.janzen-pfeifen.de\/wp-content\/uploads\/2019\/Produkte_01_Variation-Zapfen\/Z-007-510x360.jpg 510w, https:\/\/shop.janzen-pfeifen.de\/wp-content\/uploads\/2019\/Produkte_01_Variation-Zapfen\/Z-007.jpg 750w\" sizes=\"(max-width: 300px) 100vw, 300px\" alt=\"\" loading=\"lazy\" \t\tclass=\"so-widget-image\"\/>\n\t<\/div>\n\n<\/div><\/div><div id=\"panel-10971-1-2-1\" class=\"so-panel widget widget_sow-editor panel-last-child\" data-index=\"7\" ><div class=\"so-widget-sow-editor so-widget-sow-editor-base\">\n<div class=\"siteorigin-widget-tinymce textwidget\">\n\t<p><strong>007<\/strong><\/p>\n<table>\n<tbody>\n<tr>\n<td>tenon \u00d8<\/td>\n<td>7,1 mm<\/td>\n<\/tr>\n<tr>\n<td>knurling \u00d8<\/td>\n<td>7,0 mm<\/td>\n<\/tr>\n<tr>\n<td>total length<\/td>\n<td>24 mm<\/td>\n<\/tr>\n<tr>\n<td>drilling<\/td>\n<td>3,0 mm<\/td>\n<\/tr>\n<\/tbody>\n<\/table>\n<\/div>\n<\/div><\/div><\/div><div id=\"pgc-10971-1-3\"  class=\"panel-grid-cell\" ><div id=\"panel-10971-1-3-0\" class=\"so-panel widget widget_sow-image panel-first-child\" data-index=\"8\" ><div class=\"so-widget-sow-image so-widget-sow-image-default-ab294a5857f7-10971\">\n\n<div class=\"sow-image-container\">\n\t\t<img src=\"https:\/\/shop.janzen-pfeifen.de\/wp-content\/uploads\/2019\/Produkte_01_Variation-Zapfen\/Z-008-300x212.jpg\" width=\"300\" height=\"212\" srcset=\"https:\/\/shop.janzen-pfeifen.de\/wp-content\/uploads\/2019\/Produkte_01_Variation-Zapfen\/Z-008-300x212.jpg 300w, https:\/\/shop.janzen-pfeifen.de\/wp-content\/uploads\/2019\/Produkte_01_Variation-Zapfen\/Z-008-247x175.jpg 247w, https:\/\/shop.janzen-pfeifen.de\/wp-content\/uploads\/2019\/Produkte_01_Variation-Zapfen\/Z-008-510x360.jpg 510w, https:\/\/shop.janzen-pfeifen.de\/wp-content\/uploads\/2019\/Produkte_01_Variation-Zapfen\/Z-008.jpg 750w\" sizes=\"(max-width: 300px) 100vw, 300px\" alt=\"\" loading=\"lazy\" \t\tclass=\"so-widget-image\"\/>\n\t<\/div>\n\n<\/div><\/div><div id=\"panel-10971-1-3-1\" class=\"so-panel widget widget_sow-editor panel-last-child\" data-index=\"9\" ><div class=\"so-widget-sow-editor so-widget-sow-editor-base\">\n<div class=\"siteorigin-widget-tinymce textwidget\">\n\t<p><strong>008<\/strong><\/p>\n<table>\n<tbody>\n<tr>\n<td>tenon \u00d8<\/td>\n<td>6,1 mm<\/td>\n<\/tr>\n<tr>\n<td>knurling \u00d8<\/td>\n<td>6,1 mm<\/td>\n<\/tr>\n<tr>\n<td>total length<\/td>\n<td>20 mm<\/td>\n<\/tr>\n<tr>\n<td>drilling<\/td>\n<td>3,0 mm<\/td>\n<\/tr>\n<\/tbody>\n<\/table>\n<\/div>\n<\/div><\/div><\/div><\/div><div id=\"pg-10971-2\"  class=\"panel-grid panel-no-style\" ><div id=\"pgc-10971-2-0\"  class=\"panel-grid-cell panel-grid-cell-empty\" ><\/div><div id=\"pgc-10971-2-1\"  class=\"panel-grid-cell panel-grid-cell-empty\" ><\/div><div id=\"pgc-10971-2-2\"  class=\"panel-grid-cell panel-grid-cell-empty panel-grid-cell-mobile-last\" ><\/div><div id=\"pgc-10971-2-3\"  class=\"panel-grid-cell panel-grid-cell-empty\" ><\/div><\/div><\/div>","protected":false},"excerpt":{"rendered":"<p>Selection of the tenon Please choose the desired tenon code when ordering. 005 tenon \u00d8 7,0 mm knurling \u00d8 7,2 mm total length 25 mm drilling 3,5 mm 006 tenon \u00d8 6,0 mm knurling \u00d8 7,2 mm total length 25 mm drilling 3,5 mm 007 tenon \u00d8 7,1 mm knurling \u00d8 7,0 mm total length [&#8230;]","protected":false},"author":421,"featured_media":0,"parent":0,"menu_order":0,"comment_status":"closed","ping_status":"closed","template":"","meta":[],"_links":{"self":[{"href":"https:\/\/shop.janzen-pfeifen.de\/en\/wp-json\/wp\/v2\/pages\/10971"}],"collection":[{"href":"https:\/\/shop.janzen-pfeifen.de\/en\/wp-json\/wp\/v2\/pages"}],"about":[{"href":"https:\/\/shop.janzen-pfeifen.de\/en\/wp-json\/wp\/v2\/types\/page"}],"author":[{"embeddable":true,"href":"https:\/\/shop.janzen-pfeifen.de\/en\/wp-json\/wp\/v2\/users\/421"}],"replies":[{"embeddable":true,"href":"https:\/\/shop.janzen-pfeifen.de\/en\/wp-json\/wp\/v2\/comments?post=10971"}],"version-history":[{"count":0,"href":"https:\/\/shop.janzen-pfeifen.de\/en\/wp-json\/wp\/v2\/pages\/10971\/revisions"}],"wp:attachment":[{"href":"https:\/\/shop.janzen-pfeifen.de\/en\/wp-json\/wp\/v2\/media?parent=10971"}],"curies":[{"name":"wp","href":"https:\/\/api.w.org\/{rel}","templated":true}]}}